{"id":2448,"date":"2025-07-25T14:37:00","date_gmt":"2025-07-25T13:37:00","guid":{"rendered":"http:\/\/localhost\/expressexchange\/?page_id=2448"},"modified":"2025-08-27T12:28:52","modified_gmt":"2025-08-27T11:28:52","slug":"etre-partenaires","status":"publish","type":"page","link":"https:\/\/expressexchange.cm\/en\/etre-partenaires\/","title":{"rendered":"Be Partners"},"content":{"rendered":"<div data-elementor-type=\"wp-page\" data-elementor-id=\"2448\" class=\"elementor elementor-2448\">\n\t\t\t\t<div class=\"elementor-element elementor-element-d239a3f e-con-full e-flex e-con e-parent\" data-id=\"d239a3f\" data-element_type=\"container\" data-e-type=\"container\" data-settings=\"{&quot;background_background&quot;:&quot;classic&quot;}\">\n\t\t\t\t<div class=\"elementor-element elementor-element-34680d7 elementor-widget elementor-widget-heading\" data-id=\"34680d7\" data-element_type=\"widget\" data-e-type=\"widget\" data-widget_type=\"heading.default\">\n\t\t\t\t\t<h2 class=\"elementor-heading-title elementor-size-default\">Be Partners<\/h2>\t\t\t\t<\/div>\n\t\t<div class=\"elementor-element elementor-element-2ce428f e-con-full e-flex e-con e-child\" data-id=\"2ce428f\" data-element_type=\"container\" data-e-type=\"container\" data-settings=\"{&quot;background_background&quot;:&quot;classic&quot;}\">\n\t\t\t\t<div class=\"elementor-element elementor-element-4332717 elementor-widget elementor-widget-elementskit-heading\" data-id=\"4332717\" data-element_type=\"widget\" data-e-type=\"widget\" data-widget_type=\"elementskit-heading.default\">\n\t\t\t\t\t<div class=\"ekit-wid-con\" ><div class=\"ekit-heading elementskit-section-title-wraper text_left   ekit_heading_tablet-   ekit_heading_mobile-\"><a href=\"https:\/\/expressexchange.cm\/en\/\"><h2 class=\"ekit-heading--title elementskit-section-title\">Home<\/h2><\/a><\/div><\/div>\t\t\t\t<\/div>\n\t\t\t\t<div class=\"elementor-element elementor-element-a3ad9bb elementor-view-default elementor-widget elementor-widget-icon\" data-id=\"a3ad9bb\" data-element_type=\"widget\" data-e-type=\"widget\" data-widget_type=\"icon.default\">\n\t\t\t\t\t\t\t<div class=\"elementor-icon-wrapper\">\n\t\t\t<div class=\"elementor-icon\">\n\t\t\t<svg aria-hidden=\"true\" class=\"e-font-icon-svg e-fas-chevron-right\" viewbox=\"0 0 320 512\" xmlns=\"http:\/\/www.w3.org\/2000\/svg\"><path d=\"M285.476 272.971L91.132 467.314c-9.373 9.373-24.569 9.373-33.941 0l-22.667-22.667c-9.357-9.357-9.375-24.522-.04-33.901L188.505 256 34.484 101.255c-9.335-9.379-9.317-24.544.04-33.901l22.667-22.667c9.373-9.373 24.569-9.373 33.941 0L285.475 239.03c9.373 9.372 9.373 24.568.001 33.941z\"><\/path><\/svg>\t\t\t<\/div>\n\t\t<\/div>\n\t\t\t\t\t\t<\/div>\n\t\t\t\t<div class=\"elementor-element elementor-element-2b603b5 elementor-widget elementor-widget-elementskit-heading\" data-id=\"2b603b5\" data-element_type=\"widget\" data-e-type=\"widget\" data-widget_type=\"elementskit-heading.default\">\n\t\t\t\t\t<div class=\"ekit-wid-con\" ><div class=\"ekit-heading elementskit-section-title-wraper text_left   ekit_heading_tablet-   ekit_heading_mobile-\"><h2 class=\"ekit-heading--title elementskit-section-title\">Career<\/h2><\/div><\/div>\t\t\t\t<\/div>\n\t\t\t\t<div class=\"elementor-element elementor-element-d7e362d elementor-view-default elementor-widget elementor-widget-icon\" data-id=\"d7e362d\" data-element_type=\"widget\" data-e-type=\"widget\" data-widget_type=\"icon.default\">\n\t\t\t\t\t\t\t<div class=\"elementor-icon-wrapper\">\n\t\t\t<div class=\"elementor-icon\">\n\t\t\t<svg aria-hidden=\"true\" class=\"e-font-icon-svg e-fas-chevron-right\" viewbox=\"0 0 320 512\" xmlns=\"http:\/\/www.w3.org\/2000\/svg\"><path d=\"M285.476 272.971L91.132 467.314c-9.373 9.373-24.569 9.373-33.941 0l-22.667-22.667c-9.357-9.357-9.375-24.522-.04-33.901L188.505 256 34.484 101.255c-9.335-9.379-9.317-24.544.04-33.901l22.667-22.667c9.373-9.373 24.569-9.373 33.941 0L285.475 239.03c9.373 9.372 9.373 24.568.001 33.941z\"><\/path><\/svg>\t\t\t<\/div>\n\t\t<\/div>\n\t\t\t\t\t\t<\/div>\n\t\t\t\t<div class=\"elementor-element elementor-element-553bbf1 elementor-widget elementor-widget-elementskit-heading\" data-id=\"553bbf1\" data-element_type=\"widget\" data-e-type=\"widget\" data-widget_type=\"elementskit-heading.default\">\n\t\t\t\t\t<div class=\"ekit-wid-con\" ><div class=\"ekit-heading elementskit-section-title-wraper text_left   ekit_heading_tablet-   ekit_heading_mobile-\"><a href=\"https:\/\/expressexchange.cm\/en\/etre-partenaires\/\"><h2 class=\"ekit-heading--title elementskit-section-title\">Be Partners<\/h2><\/a><\/div><\/div>\t\t\t\t<\/div>\n\t\t\t\t<\/div>\n\t\t\t\t<\/div>\n\t\t<div class=\"elementor-element elementor-element-49e6eae e-flex e-con-boxed e-con e-parent\" data-id=\"49e6eae\" data-element_type=\"container\" data-e-type=\"container\">\n\t\t\t\t\t<div class=\"e-con-inner\">\n\t\t<div class=\"elementor-element elementor-element-00b9c51 e-con-full e-flex e-con e-child\" data-id=\"00b9c51\" data-element_type=\"container\" data-e-type=\"container\">\n\t\t\t\t<div class=\"elementor-element elementor-element-de7779d elementor-widget elementor-widget-heading\" data-id=\"de7779d\" data-element_type=\"widget\" data-e-type=\"widget\" data-widget_type=\"heading.default\">\n\t\t\t\t\t<h2 class=\"elementor-heading-title elementor-size-default\">Become a Partner<\/h2>\t\t\t\t<\/div>\n\t\t\t\t<div class=\"elementor-element elementor-element-c5ba2de elementor-widget elementor-widget-text-editor\" data-id=\"c5ba2de\" data-element_type=\"widget\" data-e-type=\"widget\" data-widget_type=\"text-editor.default\">\n\t\t\t\t\t\t\t\t\t<p data-start=\"203\" data-end=\"602\">Join the network of <strong data-start=\"226\" data-end=\"246\">Express Exchange S.A.<\/strong>, the leading money transfer and financial services provider in Africa. By becoming a partner, you benefit from professional support, powerful tools, and a trusted brand to grow your business. Whether you're a retailer, entrepreneur, or retail store owner, boost your revenue with a reliable and trusted service.<\/p>\t\t\t\t\t\t\t\t<\/div>\n\t\t\t\t<div class=\"elementor-element elementor-element-608044d elementor-widget elementor-widget-heading\" data-id=\"608044d\" data-element_type=\"widget\" data-e-type=\"widget\" data-widget_type=\"heading.default\">\n\t\t\t\t\t<h2 class=\"elementor-heading-title elementor-size-default\">Services you can offer:<\/h2>\t\t\t\t<\/div>\n\t\t\t\t<div class=\"elementor-element elementor-element-206cf9b elementor-widget elementor-widget-text-editor\" data-id=\"206cf9b\" data-element_type=\"widget\" data-e-type=\"widget\" data-widget_type=\"text-editor.default\">\n\t\t\t\t\t\t\t\t\t<ul data-start=\"678\" data-end=\"870\"><li data-start=\"678\" data-end=\"771\"><p data-start=\"680\" data-end=\"771\">Bill payment <strong data-start=\"701\" data-end=\"709\">ENEO<\/strong>, <strong data-start=\"711\" data-end=\"723\">CAMWATER<\/strong>, <strong data-start=\"725\" data-end=\"736\">Customs<\/strong>, <strong data-start=\"738\" data-end=\"745\">DGI<\/strong>, <strong data-start=\"747\" data-end=\"771\">university fees<\/strong><\/p><\/li><li data-start=\"772\" data-end=\"819\"><p data-start=\"774\" data-end=\"819\">Sending and receiving money via <strong data-start=\"806\" data-end=\"819\">MoneyGram<\/strong><\/p><\/li><li data-start=\"820\" data-end=\"870\"><p data-start=\"822\" data-end=\"870\">Operations of <strong data-start=\"836\" data-end=\"845\">deposit<\/strong> and <strong data-start=\"849\" data-end=\"860\">withdrawal<\/strong> of cash<\/p><\/li><\/ul>\t\t\t\t\t\t\t\t<\/div>\n\t\t\t\t<\/div>\n\t\t<div class=\"elementor-element elementor-element-9f1ce89 e-con-full e-flex e-con e-child\" data-id=\"9f1ce89\" data-element_type=\"container\" data-e-type=\"container\">\n\t\t\t\t<div class=\"elementor-element elementor-element-7765a52 elementor-widget elementor-widget-image\" data-id=\"7765a52\" data-element_type=\"widget\" data-e-type=\"widget\" data-widget_type=\"image.default\">\n\t\t\t\t\t\t\t\t\t\t\t\t\t\t\t<img fetchpriority=\"high\" decoding=\"async\" width=\"683\" height=\"1024\" src=\"https:\/\/expressexchange.cm\/wp-content\/uploads\/2025\/08\/partenaires-commerciaux-se-serrant-la-main-en-accord.jpg\" class=\"attachment-large size-large wp-image-3053\" alt=\"Business partners shaking\" \/>\t\t\t\t\t\t\t\t\t\t\t\t\t\t\t<\/div>\n\t\t\t\t<\/div>\n\t\t\t\t\t<\/div>\n\t\t\t\t<\/div>\n\t\t<div class=\"elementor-element elementor-element-013d4aa e-flex e-con-boxed e-con e-parent\" data-id=\"013d4aa\" data-element_type=\"container\" data-e-type=\"container\">\n\t\t\t\t\t<div class=\"e-con-inner\">\n\t\t\t\t<div class=\"elementor-element elementor-element-6f46d1c elementor-widget elementor-widget-heading\" data-id=\"6f46d1c\" data-element_type=\"widget\" data-e-type=\"widget\" data-widget_type=\"heading.default\">\n\t\t\t\t\t<h2 class=\"elementor-heading-title elementor-size-default\">Why become partners?<\/h2>\t\t\t\t<\/div>\n\t\t\t\t<div class=\"elementor-element elementor-element-2b99a4e elementor-widget elementor-widget-text-editor\" data-id=\"2b99a4e\" data-element_type=\"widget\" data-e-type=\"widget\" data-widget_type=\"text-editor.default\">\n\t\t\t\t\t\t\t\t\t<p>Joining Express Exchange means partnering with a leader in money transfer and financial services. By becoming a partner, you increase your visibility, expand your business, and benefit from a reliable, recognized, and highly sought-after service. It's a simple, profitable, and secure opportunity to grow your business.<\/p><ul><li><strong data-start=\"592\" data-end=\"622\">A high-demand service<\/strong><\/li><li><strong data-start=\"628\" data-end=\"680\">An attractive commission on each transaction<\/strong><\/li><li><strong data-start=\"686\" data-end=\"732\">Continuous technical and commercial support<\/strong><\/li><li><strong data-start=\"738\" data-end=\"791\">A reputation already established among the general public<\/strong><\/li><\/ul>\t\t\t\t\t\t\t\t<\/div>\n\t\t\t\t\t<\/div>\n\t\t\t\t<\/div>\n\t\t<div class=\"elementor-element elementor-element-c1c6faf e-flex e-con-boxed e-con e-parent\" data-id=\"c1c6faf\" data-element_type=\"container\" data-e-type=\"container\">\n\t\t\t\t\t<div class=\"e-con-inner\">\n\t\t\t\t<div class=\"elementor-element elementor-element-54a5c5c elementor-widget elementor-widget-heading\" data-id=\"54a5c5c\" data-element_type=\"widget\" data-e-type=\"widget\" data-widget_type=\"heading.default\">\n\t\t\t\t\t<h2 class=\"elementor-heading-title elementor-size-default\">Commission and repatriation of funds<\/h2>\t\t\t\t<\/div>\n\t\t\t\t<div class=\"elementor-element elementor-element-beb4740 elementor-widget elementor-widget-text-editor\" data-id=\"beb4740\" data-element_type=\"widget\" data-e-type=\"widget\" data-widget_type=\"text-editor.default\">\n\t\t\t\t\t\t\t\t\t<p>As a partner of <span style=\"color: #ff0000;\"><strong data-start=\"264\" data-end=\"284\">Express Exchange S.A.<\/strong><\/span>, you benefit from a <strong data-start=\"308\" data-end=\"356\">attractive commission on each transaction<\/strong> completed. The repatriation of funds is secure, fast, and transparent, allowing you to track your earnings and access your income with ease. A profitable, supervised partnership perfectly tailored to your needs.<\/p>\t\t\t\t\t\t\t\t<\/div>\n\t\t\t\t\t<\/div>\n\t\t\t\t<\/div>\n\t\t\t\t<\/div>\n\t\t\n    <div class=\"xs_social_share_widget xs_share_url after_content \t\tmain_content  wslu-style-1 wslu-share-box-shaped wslu-fill-colored wslu-none wslu-share-horizontal wslu-theme-font-no wslu-main_content\">\n\n\t\t\n        <ul>\n\t\t\t        <\/ul>\n    <\/div>","protected":false},"excerpt":{"rendered":"<p>\u00catre Partenaires Acceuil Carri\u00e8re \u00catre Partenaires Devenez Partenaires Rejoignez le r\u00e9seau de Express Exchange S.A., leader du transfert d\u2019argent et des services financiers en Afrique. En devenant partenaire, vous b\u00e9n\u00e9ficiez d\u2019un accompagnement professionnel, d\u2019outils performants et d\u2019une marque de confiance pour d\u00e9velopper votre activit\u00e9. Que vous soyez commer\u00e7ant, entrepreneur ou propri\u00e9taire de point de vente, [&hellip;]<\/p>","protected":false},"author":1,"featured_media":0,"parent":0,"menu_order":0,"comment_status":"closed","ping_status":"closed","template":"","meta":{"postBodyCss":"","postBodyMargin":[],"postBodyPadding":[],"postBodyBackground":{"backgroundType":"classic","gradient":""},"footnotes":""},"class_list":["post-2448","page","type-page","status-publish","hentry"],"yoast_head":"<!-- This site is optimized with the Yoast SEO plugin v25.9 - https:\/\/yoast.com\/wordpress\/plugins\/seo\/ -->\n<title>\u00catre Partenaires - Num&eacute;ro 1 En Qualit&eacute; De Service<\/title>\n<meta name=\"description\" content=\"Partenaire id\u00e9al pour le transfert d&#039;argent, le change de devise et le paiement de facture. Rejoignez Express Exchange.\" \/>\n<meta name=\"robots\" content=\"index, follow, max-snippet:-1, max-image-preview:large, max-video-preview:-1\" \/>\n<link rel=\"canonical\" href=\"https:\/\/www.expressexchange.cm\/etre-partenaires\/\" \/>\n<meta property=\"og:locale\" content=\"en_US\" \/>\n<meta property=\"og:type\" content=\"article\" \/>\n<meta property=\"og:title\" content=\"\u00catre Partenaires - Num&eacute;ro 1 En Qualit&eacute; De Service\" \/>\n<meta property=\"og:description\" content=\"Partenaire id\u00e9al pour le transfert d&#039;argent, le change de devise et le paiement de facture. Rejoignez Express Exchange.\" \/>\n<meta property=\"og:url\" content=\"https:\/\/www.expressexchange.cm\/etre-partenaires\/\" \/>\n<meta property=\"og:site_name\" content=\"expressexchange\" \/>\n<meta property=\"article:publisher\" content=\"https:\/\/www.facebook.com\/share\/16tEs1BMXb\/\" \/>\n<meta property=\"article:modified_time\" content=\"2025-08-27T11:28:52+00:00\" \/>\n<meta property=\"og:image\" content=\"https:\/\/www.expressexchange.cm\/wp-content\/uploads\/2025\/08\/partenaires-commerciaux-se-serrant-la-main-en-accord.jpg\" \/>\n<meta name=\"twitter:card\" content=\"summary_large_image\" \/>\n<meta name=\"twitter:label1\" content=\"Est. reading time\" \/>\n\t<meta name=\"twitter:data1\" content=\"2 minutes\" \/>\n<script type=\"application\/ld+json\" class=\"yoast-schema-graph\">{\"@context\":\"https:\/\/schema.org\",\"@graph\":[{\"@type\":\"WebPage\",\"@id\":\"https:\/\/www.expressexchange.cm\/etre-partenaires\/\",\"url\":\"https:\/\/www.expressexchange.cm\/etre-partenaires\/\",\"name\":\"\u00catre Partenaires - Num&eacute;ro 1 En Qualit&eacute; De Service\",\"isPartOf\":{\"@id\":\"https:\/\/www.expressexchange.cm\/#website\"},\"primaryImageOfPage\":{\"@id\":\"https:\/\/www.expressexchange.cm\/etre-partenaires\/#primaryimage\"},\"image\":{\"@id\":\"https:\/\/www.expressexchange.cm\/etre-partenaires\/#primaryimage\"},\"thumbnailUrl\":\"https:\/\/www.expressexchange.cm\/wp-content\/uploads\/2025\/08\/partenaires-commerciaux-se-serrant-la-main-en-accord.jpg\",\"datePublished\":\"2025-07-25T13:37:00+00:00\",\"dateModified\":\"2025-08-27T11:28:52+00:00\",\"description\":\"Partenaire id\u00e9al pour le transfert d'argent, le change de devise et le paiement de facture. Rejoignez Express Exchange.\",\"breadcrumb\":{\"@id\":\"https:\/\/www.expressexchange.cm\/etre-partenaires\/#breadcrumb\"},\"inLanguage\":\"en-US\",\"potentialAction\":[{\"@type\":\"ReadAction\",\"target\":[\"https:\/\/www.expressexchange.cm\/etre-partenaires\/\"]}]},{\"@type\":\"ImageObject\",\"inLanguage\":\"en-US\",\"@id\":\"https:\/\/www.expressexchange.cm\/etre-partenaires\/#primaryimage\",\"url\":\"https:\/\/www.expressexchange.cm\/wp-content\/uploads\/2025\/08\/partenaires-commerciaux-se-serrant-la-main-en-accord.jpg\",\"contentUrl\":\"https:\/\/www.expressexchange.cm\/wp-content\/uploads\/2025\/08\/partenaires-commerciaux-se-serrant-la-main-en-accord.jpg\"},{\"@type\":\"BreadcrumbList\",\"@id\":\"https:\/\/www.expressexchange.cm\/etre-partenaires\/#breadcrumb\",\"itemListElement\":[{\"@type\":\"ListItem\",\"position\":1,\"name\":\"Home\",\"item\":\"https:\/\/expressexchange.cm\/\"},{\"@type\":\"ListItem\",\"position\":2,\"name\":\"\u00catre Partenaires\"}]},{\"@type\":\"WebSite\",\"@id\":\"https:\/\/www.expressexchange.cm\/#website\",\"url\":\"https:\/\/www.expressexchange.cm\/\",\"name\":\"Express Exchange S.A\",\"description\":\"Num&eacute;ro 1 En Qualit&eacute; De Service\",\"publisher\":{\"@id\":\"https:\/\/www.expressexchange.cm\/#organization\"},\"potentialAction\":[{\"@type\":\"SearchAction\",\"target\":{\"@type\":\"EntryPoint\",\"urlTemplate\":\"https:\/\/www.expressexchange.cm\/?s={search_term_string}\"},\"query-input\":{\"@type\":\"PropertyValueSpecification\",\"valueRequired\":true,\"valueName\":\"search_term_string\"}}],\"inLanguage\":\"en-US\"},{\"@type\":\"Organization\",\"@id\":\"https:\/\/www.expressexchange.cm\/#organization\",\"name\":\"Express Exchange S.A\",\"url\":\"https:\/\/www.expressexchange.cm\/\",\"logo\":{\"@type\":\"ImageObject\",\"inLanguage\":\"en-US\",\"@id\":\"https:\/\/www.expressexchange.cm\/#\/schema\/logo\/image\/\",\"url\":\"https:\/\/www.expressexchange.cm\/wp-content\/uploads\/2025\/07\/LOGO-EX-EX-01-4.png\",\"contentUrl\":\"https:\/\/www.expressexchange.cm\/wp-content\/uploads\/2025\/07\/LOGO-EX-EX-01-4.png\",\"width\":591,\"height\":119,\"caption\":\"Express Exchange S.A\"},\"image\":{\"@id\":\"https:\/\/www.expressexchange.cm\/#\/schema\/logo\/image\/\"},\"sameAs\":[\"https:\/\/www.facebook.com\/share\/16tEs1BMXb\/\"]}]}<\/script>\n<!-- \/ Yoast SEO plugin. -->","yoast_head_json":{"title":"\u00catre Partenaires - Num&eacute;ro 1 En Qualit&eacute; De Service","description":"Partenaire id\u00e9al pour le transfert d'argent, le change de devise et le paiement de facture. Rejoignez Express Exchange.","robots":{"index":"index","follow":"follow","max-snippet":"max-snippet:-1","max-image-preview":"max-image-preview:large","max-video-preview":"max-video-preview:-1"},"canonical":"https:\/\/www.expressexchange.cm\/etre-partenaires\/","og_locale":"en_US","og_type":"article","og_title":"\u00catre Partenaires - Num&eacute;ro 1 En Qualit&eacute; De Service","og_description":"Partenaire id\u00e9al pour le transfert d'argent, le change de devise et le paiement de facture. Rejoignez Express Exchange.","og_url":"https:\/\/www.expressexchange.cm\/etre-partenaires\/","og_site_name":"expressexchange","article_publisher":"https:\/\/www.facebook.com\/share\/16tEs1BMXb\/","article_modified_time":"2025-08-27T11:28:52+00:00","og_image":[{"url":"https:\/\/www.expressexchange.cm\/wp-content\/uploads\/2025\/08\/partenaires-commerciaux-se-serrant-la-main-en-accord.jpg","type":"","width":"","height":""}],"twitter_card":"summary_large_image","twitter_misc":{"Est. reading time":"2 minutes"},"schema":{"@context":"https:\/\/schema.org","@graph":[{"@type":"WebPage","@id":"https:\/\/www.expressexchange.cm\/etre-partenaires\/","url":"https:\/\/www.expressexchange.cm\/etre-partenaires\/","name":"\u00catre Partenaires - Num&eacute;ro 1 En Qualit&eacute; De Service","isPartOf":{"@id":"https:\/\/www.expressexchange.cm\/#website"},"primaryImageOfPage":{"@id":"https:\/\/www.expressexchange.cm\/etre-partenaires\/#primaryimage"},"image":{"@id":"https:\/\/www.expressexchange.cm\/etre-partenaires\/#primaryimage"},"thumbnailUrl":"https:\/\/www.expressexchange.cm\/wp-content\/uploads\/2025\/08\/partenaires-commerciaux-se-serrant-la-main-en-accord.jpg","datePublished":"2025-07-25T13:37:00+00:00","dateModified":"2025-08-27T11:28:52+00:00","description":"Partenaire id\u00e9al pour le transfert d'argent, le change de devise et le paiement de facture. Rejoignez Express Exchange.","breadcrumb":{"@id":"https:\/\/www.expressexchange.cm\/etre-partenaires\/#breadcrumb"},"inLanguage":"en-US","potentialAction":[{"@type":"ReadAction","target":["https:\/\/www.expressexchange.cm\/etre-partenaires\/"]}]},{"@type":"ImageObject","inLanguage":"en-US","@id":"https:\/\/www.expressexchange.cm\/etre-partenaires\/#primaryimage","url":"https:\/\/www.expressexchange.cm\/wp-content\/uploads\/2025\/08\/partenaires-commerciaux-se-serrant-la-main-en-accord.jpg","contentUrl":"https:\/\/www.expressexchange.cm\/wp-content\/uploads\/2025\/08\/partenaires-commerciaux-se-serrant-la-main-en-accord.jpg"},{"@type":"BreadcrumbList","@id":"https:\/\/www.expressexchange.cm\/etre-partenaires\/#breadcrumb","itemListElement":[{"@type":"ListItem","position":1,"name":"Home","item":"https:\/\/expressexchange.cm\/"},{"@type":"ListItem","position":2,"name":"\u00catre Partenaires"}]},{"@type":"WebSite","@id":"https:\/\/www.expressexchange.cm\/#website","url":"https:\/\/www.expressexchange.cm\/","name":"Express Exchange S.A","description":"Num&eacute;ro 1 En Qualit&eacute; De Service","publisher":{"@id":"https:\/\/www.expressexchange.cm\/#organization"},"potentialAction":[{"@type":"SearchAction","target":{"@type":"EntryPoint","urlTemplate":"https:\/\/www.expressexchange.cm\/?s={search_term_string}"},"query-input":{"@type":"PropertyValueSpecification","valueRequired":true,"valueName":"search_term_string"}}],"inLanguage":"en-US"},{"@type":"Organization","@id":"https:\/\/www.expressexchange.cm\/#organization","name":"Express Exchange S.A","url":"https:\/\/www.expressexchange.cm\/","logo":{"@type":"ImageObject","inLanguage":"en-US","@id":"https:\/\/www.expressexchange.cm\/#\/schema\/logo\/image\/","url":"https:\/\/www.expressexchange.cm\/wp-content\/uploads\/2025\/07\/LOGO-EX-EX-01-4.png","contentUrl":"https:\/\/www.expressexchange.cm\/wp-content\/uploads\/2025\/07\/LOGO-EX-EX-01-4.png","width":591,"height":119,"caption":"Express Exchange S.A"},"image":{"@id":"https:\/\/www.expressexchange.cm\/#\/schema\/logo\/image\/"},"sameAs":["https:\/\/www.facebook.com\/share\/16tEs1BMXb\/"]}]}},"_links":{"self":[{"href":"https:\/\/expressexchange.cm\/en\/wp-json\/wp\/v2\/pages\/2448","targetHints":{"allow":["GET"]}}],"collection":[{"href":"https:\/\/expressexchange.cm\/en\/wp-json\/wp\/v2\/pages"}],"about":[{"href":"https:\/\/expressexchange.cm\/en\/wp-json\/wp\/v2\/types\/page"}],"author":[{"embeddable":true,"href":"https:\/\/expressexchange.cm\/en\/wp-json\/wp\/v2\/users\/1"}],"replies":[{"embeddable":true,"href":"https:\/\/expressexchange.cm\/en\/wp-json\/wp\/v2\/comments?post=2448"}],"version-history":[{"count":0,"href":"https:\/\/expressexchange.cm\/en\/wp-json\/wp\/v2\/pages\/2448\/revisions"}],"wp:attachment":[{"href":"https:\/\/expressexchange.cm\/en\/wp-json\/wp\/v2\/media?parent=2448"}],"curies":[{"name":"wp","href":"https:\/\/api.w.org\/{rel}","templated":true}]}}