{"id":2649,"date":"2025-07-28T17:31:35","date_gmt":"2025-07-28T16:31:35","guid":{"rendered":"http:\/\/localhost\/expressexchange\/?page_id=2649"},"modified":"2025-08-17T22:33:05","modified_gmt":"2025-08-17T21:33:05","slug":"moneyphone","status":"publish","type":"page","link":"https:\/\/expressexchange.cm\/en\/moneyphone\/","title":{"rendered":"MoneyPhone"},"content":{"rendered":"<div data-elementor-type=\"wp-page\" data-elementor-id=\"2649\" class=\"elementor elementor-2649\">\n\t\t\t\t<div class=\"elementor-element elementor-element-072c750 e-con-full e-flex e-con e-parent\" data-id=\"072c750\" data-element_type=\"container\" data-e-type=\"container\" data-settings=\"{&quot;background_background&quot;:&quot;classic&quot;}\">\n\t\t\t\t<\/div>\n\t\t<div class=\"elementor-element elementor-element-d1152c7 e-flex e-con-boxed e-con e-parent\" data-id=\"d1152c7\" data-element_type=\"container\" data-e-type=\"container\">\n\t\t\t\t\t<div class=\"e-con-inner\">\n\t\t\t\t<div class=\"elementor-element elementor-element-88baf07 elementor-widget elementor-widget-heading\" data-id=\"88baf07\" data-element_type=\"widget\" data-e-type=\"widget\" data-widget_type=\"heading.default\">\n\t\t\t\t\t<h2 class=\"elementor-heading-title elementor-size-default\"> Welcome to MoneyPhone \u2013 Banking at your fingertips!<\/h2>\t\t\t\t<\/div>\n\t\t\t\t<div class=\"elementor-element elementor-element-16ac437 elementor-widget elementor-widget-text-editor\" data-id=\"16ac437\" data-element_type=\"widget\" data-e-type=\"widget\" data-widget_type=\"text-editor.default\">\n\t\t\t\t\t\t\t\t\t<p data-start=\"241\" data-end=\"585\">Discover <strong data-start=\"251\" data-end=\"265\">MoneyPhone<\/strong>, the innovative mobile application developed by <strong data-start=\"313\" data-end=\"343\">Express Exchange Financial<\/strong>, which transforms your phone into a real mobile bank. Thanks to its dual functionality <strong data-start=\"450\" data-end=\"468\">Mobile Banking<\/strong> and <strong data-start=\"472\" data-end=\"488\">Mobile Money<\/strong>, you have access to a simple, fast and secure digital banking experience, wherever you are<\/p><p data-start=\"587\" data-end=\"621\">With <strong data-start=\"592\" data-end=\"606\">MoneyPhone<\/strong>, You can :<\/p><ul><li data-start=\"587\" data-end=\"621\"><strong data-start=\"625\" data-end=\"658\">Easily create your account<\/strong> from a distance<\/li><li data-start=\"587\" data-end=\"621\"><strong data-start=\"674\" data-end=\"696\">Pay your bills<\/strong> (ENEO, Camwater, customs, taxes, communication credits, university fees, etc.)<\/li><li data-start=\"587\" data-end=\"621\"><strong data-start=\"790\" data-end=\"813\">Send money<\/strong> to a MoneyPhone customer or any other beneficiary<\/li><li data-start=\"587\" data-end=\"621\"><strong data-start=\"870\" data-end=\"907\">Make bank transfers<\/strong> in a few clicks<\/li><li data-start=\"587\" data-end=\"621\">\u00a0<strong data-start=\"930\" data-end=\"976\">Make your purchases, subscribe to services<\/strong>, and much more<\/li><li data-start=\"587\" data-end=\"621\"><strong data-start=\"1002\" data-end=\"1046\">Access your EEF account at any time<\/strong>, 24\/7<\/li><\/ul><p data-start=\"587\" data-end=\"621\"><strong data-start=\"1066\" data-end=\"1080\">MoneyPhone<\/strong>, it\u2019s the promise of a modern, fluid and trustworthy banking relationship, designed to simplify your life.<\/p>\t\t\t\t\t\t\t\t<\/div>\n\t\t\t\t\t<\/div>\n\t\t\t\t<\/div>\n\t\t<div class=\"elementor-element elementor-element-707431b e-flex e-con-boxed e-con e-parent\" data-id=\"707431b\" data-element_type=\"container\" data-e-type=\"container\" data-settings=\"{&quot;background_background&quot;:&quot;classic&quot;}\">\n\t\t\t\t\t<div class=\"e-con-inner\">\n\t\t\t\t<div class=\"elementor-element elementor-element-9bfe42f elementor-widget elementor-widget-bdt-call-out\" data-id=\"9bfe42f\" data-element_type=\"widget\" data-e-type=\"widget\" data-widget_type=\"bdt-call-out.default\">\n\t\t\t\t\t\t\t<div class=\"bdt-ep-callout bdt-ep-callout-button-align-center\">\n\t\t\t<div class=\"bdt-width-expand bdt-first-column\">\n\t\t\t\t\t\t\t\t\t<h3\t\t\t\t\t\tclass=\"bdt-ep-callout-title\">\n\t\t\t\t\t\t\ud83d\udcf2 Join the mobile banking revolution with MoneyPhone\t\t\t\t\t<\/h3>\n\t\t\t\t\t\t\t\t\t\t\t\t\t<div class=\"bdt-ep-callout-description\">\n\t\t\t\t\t\tConvenience, security, speed: everything is at your fingertips with MoneyPhone\nDownload the app \t\t\t\t\t<\/div>\n\t\t\t\t\t\t\t<\/div>\n\n\t\t\t<div class=\"bdt-ep-callout-button-wrap bdt-width-auto@m\">\n\t\t\t\t<a href=\"https:\/\/play.google.com\/store\/apps\/details?id=io.eclectics.eef.moneyphone&#038;gl=DE\" class=\"bdt-ep-callout-button elementor-animation-grow\">\n\n\t\t\t\t\t<span >\n\n\t\t\t\t\t\tDownload the app\n\t\t\t\t\t\t\t\t\t\t\t<\/span>\n\n\t\t\t\t<\/a>\n\t\t\t<\/div>\n\t\t<\/div>\n\t\t\t\t\t\t<\/div>\n\t\t\t\t\t<\/div>\n\t\t\t\t<\/div>\n\t\t\t\t<\/div>\n\t\t\n    <div class=\"xs_social_share_widget xs_share_url after_content \t\tmain_content  wslu-style-1 wslu-share-box-shaped wslu-fill-colored wslu-none wslu-share-horizontal wslu-theme-font-no wslu-main_content\">\n\n\t\t\n        <ul>\n\t\t\t        <\/ul>\n    <\/div>","protected":false},"excerpt":{"rendered":"<p>Bienvenue sur MoneyPhone \u2013 La banque \u00e0 port\u00e9e de main ! D\u00e9couvrez MoneyPhone, l\u2019application mobile innovante d\u00e9velopp\u00e9e par Express Exchange Financial, qui transforme votre t\u00e9l\u00e9phone en une v\u00e9ritable agence bancaire mobile. Gr\u00e2ce \u00e0 sa double fonctionnalit\u00e9 Mobile Banking et Mobile Money, vous acc\u00e9dez \u00e0 une exp\u00e9rience bancaire digitale simple, rapide et s\u00e9curis\u00e9e, o\u00f9 que vous [&hellip;]<\/p>","protected":false},"author":1,"featured_media":0,"parent":0,"menu_order":0,"comment_status":"closed","ping_status":"closed","template":"","meta":{"postBodyCss":"","postBodyMargin":[],"postBodyPadding":[],"postBodyBackground":{"backgroundType":"classic","gradient":""},"footnotes":""},"class_list":["post-2649","page","type-page","status-publish","hentry"],"yoast_head":"<!-- This site is optimized with the Yoast SEO plugin v25.9 - https:\/\/yoast.com\/wordpress\/plugins\/seo\/ -->\n<title>MoneyPhone - Num&eacute;ro 1 En Qualit&eacute; De Service<\/title>\n<meta name=\"robots\" content=\"index, follow, max-snippet:-1, max-image-preview:large, max-video-preview:-1\" \/>\n<link rel=\"canonical\" href=\"https:\/\/www.expressexchange.cm\/moneyphone\/\" \/>\n<meta property=\"og:locale\" content=\"en_US\" \/>\n<meta property=\"og:type\" content=\"article\" \/>\n<meta property=\"og:title\" content=\"MoneyPhone - Num&eacute;ro 1 En Qualit&eacute; De Service\" \/>\n<meta property=\"og:description\" content=\"Bienvenue sur MoneyPhone \u2013 La banque \u00e0 port\u00e9e de main ! D\u00e9couvrez MoneyPhone, l\u2019application mobile innovante d\u00e9velopp\u00e9e par Express Exchange Financial, qui transforme votre t\u00e9l\u00e9phone en une v\u00e9ritable agence bancaire mobile. Gr\u00e2ce \u00e0 sa double fonctionnalit\u00e9 Mobile Banking et Mobile Money, vous acc\u00e9dez \u00e0 une exp\u00e9rience bancaire digitale simple, rapide et s\u00e9curis\u00e9e, o\u00f9 que vous [&hellip;]\" \/>\n<meta property=\"og:url\" content=\"https:\/\/www.expressexchange.cm\/moneyphone\/\" \/>\n<meta property=\"og:site_name\" content=\"expressexchange\" \/>\n<meta property=\"article:publisher\" content=\"https:\/\/www.facebook.com\/share\/16tEs1BMXb\/\" \/>\n<meta property=\"article:modified_time\" content=\"2025-08-17T21:33:05+00:00\" \/>\n<meta property=\"og:image\" content=\"https:\/\/expressexchange.cm\/wp-content\/uploads\/2025\/07\/LOGO-EX-EX-01-4.png\" \/>\n\t<meta property=\"og:image:width\" content=\"591\" \/>\n\t<meta property=\"og:image:height\" content=\"119\" \/>\n\t<meta property=\"og:image:type\" content=\"image\/png\" \/>\n<meta name=\"twitter:card\" content=\"summary_large_image\" \/>\n<meta name=\"twitter:label1\" content=\"Est. reading time\" \/>\n\t<meta name=\"twitter:data1\" content=\"1 minute\" \/>\n<script type=\"application\/ld+json\" class=\"yoast-schema-graph\">{\"@context\":\"https:\/\/schema.org\",\"@graph\":[{\"@type\":\"WebPage\",\"@id\":\"https:\/\/www.expressexchange.cm\/moneyphone\/\",\"url\":\"https:\/\/www.expressexchange.cm\/moneyphone\/\",\"name\":\"MoneyPhone - Num&eacute;ro 1 En Qualit&eacute; De Service\",\"isPartOf\":{\"@id\":\"https:\/\/www.expressexchange.cm\/#website\"},\"datePublished\":\"2025-07-28T16:31:35+00:00\",\"dateModified\":\"2025-08-17T21:33:05+00:00\",\"breadcrumb\":{\"@id\":\"https:\/\/www.expressexchange.cm\/moneyphone\/#breadcrumb\"},\"inLanguage\":\"en-US\",\"potentialAction\":[{\"@type\":\"ReadAction\",\"target\":[\"https:\/\/www.expressexchange.cm\/moneyphone\/\"]}]},{\"@type\":\"BreadcrumbList\",\"@id\":\"https:\/\/www.expressexchange.cm\/moneyphone\/#breadcrumb\",\"itemListElement\":[{\"@type\":\"ListItem\",\"position\":1,\"name\":\"Home\",\"item\":\"https:\/\/expressexchange.cm\/\"},{\"@type\":\"ListItem\",\"position\":2,\"name\":\"MoneyPhone\"}]},{\"@type\":\"WebSite\",\"@id\":\"https:\/\/www.expressexchange.cm\/#website\",\"url\":\"https:\/\/www.expressexchange.cm\/\",\"name\":\"Express Exchange S.A\",\"description\":\"Num&eacute;ro 1 En Qualit&eacute; De Service\",\"publisher\":{\"@id\":\"https:\/\/www.expressexchange.cm\/#organization\"},\"potentialAction\":[{\"@type\":\"SearchAction\",\"target\":{\"@type\":\"EntryPoint\",\"urlTemplate\":\"https:\/\/www.expressexchange.cm\/?s={search_term_string}\"},\"query-input\":{\"@type\":\"PropertyValueSpecification\",\"valueRequired\":true,\"valueName\":\"search_term_string\"}}],\"inLanguage\":\"en-US\"},{\"@type\":\"Organization\",\"@id\":\"https:\/\/www.expressexchange.cm\/#organization\",\"name\":\"Express Exchange S.A\",\"url\":\"https:\/\/www.expressexchange.cm\/\",\"logo\":{\"@type\":\"ImageObject\",\"inLanguage\":\"en-US\",\"@id\":\"https:\/\/www.expressexchange.cm\/#\/schema\/logo\/image\/\",\"url\":\"https:\/\/www.expressexchange.cm\/wp-content\/uploads\/2025\/07\/LOGO-EX-EX-01-4.png\",\"contentUrl\":\"https:\/\/www.expressexchange.cm\/wp-content\/uploads\/2025\/07\/LOGO-EX-EX-01-4.png\",\"width\":591,\"height\":119,\"caption\":\"Express Exchange S.A\"},\"image\":{\"@id\":\"https:\/\/www.expressexchange.cm\/#\/schema\/logo\/image\/\"},\"sameAs\":[\"https:\/\/www.facebook.com\/share\/16tEs1BMXb\/\"]}]}<\/script>\n<!-- \/ Yoast SEO plugin. -->","yoast_head_json":{"title":"MoneyPhone - Num&eacute;ro 1 En Qualit&eacute; De Service","robots":{"index":"index","follow":"follow","max-snippet":"max-snippet:-1","max-image-preview":"max-image-preview:large","max-video-preview":"max-video-preview:-1"},"canonical":"https:\/\/www.expressexchange.cm\/moneyphone\/","og_locale":"en_US","og_type":"article","og_title":"MoneyPhone - Num&eacute;ro 1 En Qualit&eacute; De Service","og_description":"Bienvenue sur MoneyPhone \u2013 La banque \u00e0 port\u00e9e de main ! D\u00e9couvrez MoneyPhone, l\u2019application mobile innovante d\u00e9velopp\u00e9e par Express Exchange Financial, qui transforme votre t\u00e9l\u00e9phone en une v\u00e9ritable agence bancaire mobile. Gr\u00e2ce \u00e0 sa double fonctionnalit\u00e9 Mobile Banking et Mobile Money, vous acc\u00e9dez \u00e0 une exp\u00e9rience bancaire digitale simple, rapide et s\u00e9curis\u00e9e, o\u00f9 que vous [&hellip;]","og_url":"https:\/\/www.expressexchange.cm\/moneyphone\/","og_site_name":"expressexchange","article_publisher":"https:\/\/www.facebook.com\/share\/16tEs1BMXb\/","article_modified_time":"2025-08-17T21:33:05+00:00","og_image":[{"width":591,"height":119,"url":"https:\/\/expressexchange.cm\/wp-content\/uploads\/2025\/07\/LOGO-EX-EX-01-4.png","type":"image\/png"}],"twitter_card":"summary_large_image","twitter_misc":{"Est. reading time":"1 minute"},"schema":{"@context":"https:\/\/schema.org","@graph":[{"@type":"WebPage","@id":"https:\/\/www.expressexchange.cm\/moneyphone\/","url":"https:\/\/www.expressexchange.cm\/moneyphone\/","name":"MoneyPhone - Num&eacute;ro 1 En Qualit&eacute; De Service","isPartOf":{"@id":"https:\/\/www.expressexchange.cm\/#website"},"datePublished":"2025-07-28T16:31:35+00:00","dateModified":"2025-08-17T21:33:05+00:00","breadcrumb":{"@id":"https:\/\/www.expressexchange.cm\/moneyphone\/#breadcrumb"},"inLanguage":"en-US","potentialAction":[{"@type":"ReadAction","target":["https:\/\/www.expressexchange.cm\/moneyphone\/"]}]},{"@type":"BreadcrumbList","@id":"https:\/\/www.expressexchange.cm\/moneyphone\/#breadcrumb","itemListElement":[{"@type":"ListItem","position":1,"name":"Home","item":"https:\/\/expressexchange.cm\/"},{"@type":"ListItem","position":2,"name":"MoneyPhone"}]},{"@type":"WebSite","@id":"https:\/\/www.expressexchange.cm\/#website","url":"https:\/\/www.expressexchange.cm\/","name":"Express Exchange S.A","description":"Num&eacute;ro 1 En Qualit&eacute; De Service","publisher":{"@id":"https:\/\/www.expressexchange.cm\/#organization"},"potentialAction":[{"@type":"SearchAction","target":{"@type":"EntryPoint","urlTemplate":"https:\/\/www.expressexchange.cm\/?s={search_term_string}"},"query-input":{"@type":"PropertyValueSpecification","valueRequired":true,"valueName":"search_term_string"}}],"inLanguage":"en-US"},{"@type":"Organization","@id":"https:\/\/www.expressexchange.cm\/#organization","name":"Express Exchange S.A","url":"https:\/\/www.expressexchange.cm\/","logo":{"@type":"ImageObject","inLanguage":"en-US","@id":"https:\/\/www.expressexchange.cm\/#\/schema\/logo\/image\/","url":"https:\/\/www.expressexchange.cm\/wp-content\/uploads\/2025\/07\/LOGO-EX-EX-01-4.png","contentUrl":"https:\/\/www.expressexchange.cm\/wp-content\/uploads\/2025\/07\/LOGO-EX-EX-01-4.png","width":591,"height":119,"caption":"Express Exchange S.A"},"image":{"@id":"https:\/\/www.expressexchange.cm\/#\/schema\/logo\/image\/"},"sameAs":["https:\/\/www.facebook.com\/share\/16tEs1BMXb\/"]}]}},"_links":{"self":[{"href":"https:\/\/expressexchange.cm\/en\/wp-json\/wp\/v2\/pages\/2649","targetHints":{"allow":["GET"]}}],"collection":[{"href":"https:\/\/expressexchange.cm\/en\/wp-json\/wp\/v2\/pages"}],"about":[{"href":"https:\/\/expressexchange.cm\/en\/wp-json\/wp\/v2\/types\/page"}],"author":[{"embeddable":true,"href":"https:\/\/expressexchange.cm\/en\/wp-json\/wp\/v2\/users\/1"}],"replies":[{"embeddable":true,"href":"https:\/\/expressexchange.cm\/en\/wp-json\/wp\/v2\/comments?post=2649"}],"version-history":[{"count":0,"href":"https:\/\/expressexchange.cm\/en\/wp-json\/wp\/v2\/pages\/2649\/revisions"}],"wp:attachment":[{"href":"https:\/\/expressexchange.cm\/en\/wp-json\/wp\/v2\/media?parent=2649"}],"curies":[{"name":"wp","href":"https:\/\/api.w.org\/{rel}","templated":true}]}}