{"id":3400,"date":"2025-08-09T10:39:40","date_gmt":"2025-08-09T09:39:40","guid":{"rendered":"http:\/\/localhost\/expressexchange\/?page_id=3400"},"modified":"2025-08-27T11:32:59","modified_gmt":"2025-08-27T10:32:59","slug":"actualites","status":"publish","type":"page","link":"https:\/\/expressexchange.cm\/en\/actualites\/","title":{"rendered":"Newsletter"},"content":{"rendered":"<div data-elementor-type=\"wp-page\" data-elementor-id=\"3400\" class=\"elementor elementor-3400\">\n\t\t\t\t<div class=\"elementor-element elementor-element-ffef67f e-con-full e-flex e-con e-parent\" data-id=\"ffef67f\" data-element_type=\"container\" data-e-type=\"container\" data-settings=\"{&quot;background_background&quot;:&quot;classic&quot;}\">\n\t\t\t\t<div class=\"elementor-element elementor-element-e9c5b83 elementor-widget elementor-widget-heading\" data-id=\"e9c5b83\" data-element_type=\"widget\" data-e-type=\"widget\" data-widget_type=\"heading.default\">\n\t\t\t\t\t<h2 class=\"elementor-heading-title elementor-size-default\">Newsletter<\/h2>\t\t\t\t<\/div>\n\t\t\t\t<div class=\"elementor-element elementor-element-90048b9 elementor-widget elementor-widget-text-editor\" data-id=\"90048b9\" data-element_type=\"widget\" data-e-type=\"widget\" data-widget_type=\"text-editor.default\">\n\t\t\t\t\t\t\t\t\t<p>Discover our latest news, new products, innovations, and commitments in real time. Don't miss anything that's happening at Express Exchange... and in Cameroon!<\/p>\t\t\t\t\t\t\t\t<\/div>\n\t\t<div class=\"elementor-element elementor-element-ca31e7a e-con-full e-flex e-con e-child\" data-id=\"ca31e7a\" data-element_type=\"container\" data-e-type=\"container\" data-settings=\"{&quot;background_background&quot;:&quot;classic&quot;}\">\n\t\t\t\t<div class=\"elementor-element elementor-element-f7d43e0 elementor-widget elementor-widget-elementskit-heading\" data-id=\"f7d43e0\" data-element_type=\"widget\" data-e-type=\"widget\" data-widget_type=\"elementskit-heading.default\">\n\t\t\t\t\t<div class=\"ekit-wid-con\" ><div class=\"ekit-heading elementskit-section-title-wraper text_left   ekit_heading_tablet-   ekit_heading_mobile-\"><a href=\"https:\/\/expressexchange.cm\/en\/\"><h2 class=\"ekit-heading--title elementskit-section-title\">Home<\/h2><\/a><\/div><\/div>\t\t\t\t<\/div>\n\t\t\t\t<div class=\"elementor-element elementor-element-637a163 elementor-view-default elementor-widget elementor-widget-icon\" data-id=\"637a163\" data-element_type=\"widget\" data-e-type=\"widget\" data-widget_type=\"icon.default\">\n\t\t\t\t\t\t\t<div class=\"elementor-icon-wrapper\">\n\t\t\t<div class=\"elementor-icon\">\n\t\t\t<svg aria-hidden=\"true\" class=\"e-font-icon-svg e-fas-chevron-right\" viewbox=\"0 0 320 512\" xmlns=\"http:\/\/www.w3.org\/2000\/svg\"><path d=\"M285.476 272.971L91.132 467.314c-9.373 9.373-24.569 9.373-33.941 0l-22.667-22.667c-9.357-9.357-9.375-24.522-.04-33.901L188.505 256 34.484 101.255c-9.335-9.379-9.317-24.544.04-33.901l22.667-22.667c9.373-9.373 24.569-9.373 33.941 0L285.475 239.03c9.373 9.372 9.373 24.568.001 33.941z\"><\/path><\/svg>\t\t\t<\/div>\n\t\t<\/div>\n\t\t\t\t\t\t<\/div>\n\t\t\t\t<div class=\"elementor-element elementor-element-63a74ae elementor-widget elementor-widget-elementskit-heading\" data-id=\"63a74ae\" data-element_type=\"widget\" data-e-type=\"widget\" data-widget_type=\"elementskit-heading.default\">\n\t\t\t\t\t<div class=\"ekit-wid-con\" ><div class=\"ekit-heading elementskit-section-title-wraper text_left   ekit_heading_tablet-   ekit_heading_mobile-\"><a href=\"#\"><h2 class=\"ekit-heading--title elementskit-section-title\">Career<\/h2><\/a><\/div><\/div>\t\t\t\t<\/div>\n\t\t\t\t<div class=\"elementor-element elementor-element-ee3b076 elementor-view-default elementor-widget elementor-widget-icon\" data-id=\"ee3b076\" data-element_type=\"widget\" data-e-type=\"widget\" data-widget_type=\"icon.default\">\n\t\t\t\t\t\t\t<div class=\"elementor-icon-wrapper\">\n\t\t\t<div class=\"elementor-icon\">\n\t\t\t<svg aria-hidden=\"true\" class=\"e-font-icon-svg e-fas-chevron-right\" viewbox=\"0 0 320 512\" xmlns=\"http:\/\/www.w3.org\/2000\/svg\"><path d=\"M285.476 272.971L91.132 467.314c-9.373 9.373-24.569 9.373-33.941 0l-22.667-22.667c-9.357-9.357-9.375-24.522-.04-33.901L188.505 256 34.484 101.255c-9.335-9.379-9.317-24.544.04-33.901l22.667-22.667c9.373-9.373 24.569-9.373 33.941 0L285.475 239.03c9.373 9.372 9.373 24.568.001 33.941z\"><\/path><\/svg>\t\t\t<\/div>\n\t\t<\/div>\n\t\t\t\t\t\t<\/div>\n\t\t\t\t<div class=\"elementor-element elementor-element-3fe99e6 elementor-widget elementor-widget-elementskit-heading\" data-id=\"3fe99e6\" data-element_type=\"widget\" data-e-type=\"widget\" data-widget_type=\"elementskit-heading.default\">\n\t\t\t\t\t<div class=\"ekit-wid-con\" ><div class=\"ekit-heading elementskit-section-title-wraper text_left   ekit_heading_tablet-   ekit_heading_mobile-\"><a href=\"https:\/\/expressexchange.cm\/en\/actualit\u00e9s\/\"><h2 class=\"ekit-heading--title elementskit-section-title\">Newsletter<\/h2><\/a><\/div><\/div>\t\t\t\t<\/div>\n\t\t\t\t<\/div>\n\t\t\t\t<\/div>\n\t\t<div class=\"elementor-element elementor-element-8d5f879 e-flex e-con-boxed e-con e-parent\" data-id=\"8d5f879\" data-element_type=\"container\" data-e-type=\"container\">\n\t\t\t\t\t<div class=\"e-con-inner\">\n\t\t\t\t<div class=\"elementor-element elementor-element-9a2b982 elementor-grid-eael-col-3 elementor-grid-tablet-eael-col-2 elementor-grid-mobile-eael-col-1 elementor-widget elementor-widget-eael-post-grid\" data-id=\"9a2b982\" data-element_type=\"widget\" data-e-type=\"widget\" data-settings=\"{&quot;eael_post_grid_columns&quot;:&quot;eael-col-3&quot;,&quot;eael_post_grid_columns_tablet&quot;:&quot;eael-col-2&quot;,&quot;eael_post_grid_columns_mobile&quot;:&quot;eael-col-1&quot;}\" data-widget_type=\"eael-post-grid.default\">\n\t\t\t\t\t<div id=\"eael-post-grid-9a2b982\" class=\"eael-post-grid-container\">\n            <div class=\"eael-post-grid eael-post-appender eael-post-appender-9a2b982 eael-post-grid-style-two\" data-layout-mode=\"grid\"><article class=\"eael-grid-post eael-post-grid-column\" data-id=\"3924\">\n    <div class=\"eael-grid-post-holder\">\n        <div class=\"eael-grid-post-holder-inner\"><div class=\"eael-entry-wrapper\"><header class=\"eael-entry-header\"><h2 class=\"eael-entry-title\"><a class=\"eael-grid-post-link\" href=\"https:\/\/expressexchange.cm\/en\/pas-dactualites\/\" title=\"Pas d&rsquo;actualit\u00e9s\">No newsletter<\/a><\/h2><\/header><div class=\"eael-entry-content\">\n                                <div class=\"eael-grid-post-excerpt\"><p>Newsletter will be available very soon<\/p><a href=\"https:\/\/expressexchange.cm\/en\/pas-dactualites\/\" class=\"eael-post-elements-readmore-btn\">Read More<\/a><\/div>\n                            <\/div><div class=\"eael-entry-header-after style-two\"><div class=\"eael-entry-meta\"><span class=\"eael-meta-posted-on\"><i class=\"far fa-clock\"><\/i><time datetime=\"13 August 2025\">13 August 2025<\/time><\/span><ul class=\"post-meta-categories\"><li class=\"meta-cat-icon\"><i class=\"far fa-folder-open\"><\/i><\/li><li><a href=\"https:\/\/expressexchange.cm\/en\/category\/actualites\/\">Newsletter <\/a><\/li><\/ul><\/div><\/div><\/div><\/div>\n    <\/div>\n<\/article><\/div>\n            <div class=\"clearfix\"><\/div>\n        <\/div>\t\t\t\t<\/div>\n\t\t\t\t\t<\/div>\n\t\t\t\t<\/div>\n\t\t\t\t<\/div>\n\t\t\n    <div class=\"xs_social_share_widget xs_share_url after_content \t\tmain_content  wslu-style-1 wslu-share-box-shaped wslu-fill-colored wslu-none wslu-share-horizontal wslu-theme-font-no wslu-main_content\">\n\n\t\t\n        <ul>\n\t\t\t        <\/ul>\n    <\/div>","protected":false},"excerpt":{"rendered":"<p>Actualit\u00e9s D\u00e9couvrez en temps r\u00e9el nos derni\u00e8res actualit\u00e9s, nouveaut\u00e9s, innovations et engagements. Ne manquez rien de ce qui fait bouger Express Exchange\u2026 et le Cameroun ! Acceuil Carri\u00e8re Actualit\u00e9s Pas d&#8217;actualit\u00e9s Les actualit\u00e9s seront disponible bientot Read More 13 August 2025 Actualit\u00e9s<\/p>","protected":false},"author":1,"featured_media":0,"parent":0,"menu_order":0,"comment_status":"closed","ping_status":"closed","template":"","meta":{"postBodyCss":"","postBodyMargin":[],"postBodyPadding":[],"postBodyBackground":{"backgroundType":"classic","gradient":""},"footnotes":""},"class_list":["post-3400","page","type-page","status-publish","hentry"],"yoast_head":"<!-- This site is optimized with the Yoast SEO plugin v25.9 - https:\/\/yoast.com\/wordpress\/plugins\/seo\/ -->\n<title>Actualit\u00e9s ( 9 August 2025 )<\/title>\n<meta name=\"description\" content=\"Actus et promos sur le transfert d&#039;argent, change de devise et paiement de facture. Restez \u00e0 jour avec Express Exchange.\" \/>\n<meta name=\"robots\" content=\"index, follow, max-snippet:-1, max-image-preview:large, max-video-preview:-1\" \/>\n<link rel=\"canonical\" href=\"https:\/\/www.expressexchange.cm\/actualites\/\" \/>\n<meta property=\"og:locale\" content=\"en_US\" \/>\n<meta property=\"og:type\" content=\"article\" \/>\n<meta property=\"og:title\" content=\"Actualit\u00e9s ( 9 August 2025 )\" \/>\n<meta property=\"og:description\" content=\"Actus et promos sur le transfert d&#039;argent, change de devise et paiement de facture. Restez \u00e0 jour avec Express Exchange.\" \/>\n<meta property=\"og:url\" content=\"https:\/\/www.expressexchange.cm\/actualites\/\" \/>\n<meta property=\"og:site_name\" content=\"expressexchange\" \/>\n<meta property=\"article:publisher\" content=\"https:\/\/www.facebook.com\/share\/16tEs1BMXb\/\" \/>\n<meta property=\"article:modified_time\" content=\"2025-08-27T10:32:59+00:00\" \/>\n<meta property=\"og:image\" content=\"https:\/\/expressexchange.cm\/wp-content\/uploads\/2025\/07\/LOGO-EX-EX-01-4.png\" \/>\n\t<meta property=\"og:image:width\" content=\"591\" \/>\n\t<meta property=\"og:image:height\" content=\"119\" \/>\n\t<meta property=\"og:image:type\" content=\"image\/png\" \/>\n<meta name=\"twitter:card\" content=\"summary_large_image\" \/>\n<meta name=\"twitter:label1\" content=\"Est. reading time\" \/>\n\t<meta name=\"twitter:data1\" content=\"1 minute\" \/>\n<script type=\"application\/ld+json\" class=\"yoast-schema-graph\">{\"@context\":\"https:\/\/schema.org\",\"@graph\":[{\"@type\":\"NewsArticle\",\"@id\":\"https:\/\/www.expressexchange.cm\/actualites\/#article\",\"isPartOf\":{\"@id\":\"https:\/\/www.expressexchange.cm\/actualites\/\"},\"author\":{\"name\":\"deffoirice\",\"@id\":\"https:\/\/www.expressexchange.cm\/#\/schema\/person\/7da4f5b3cd2b881a612cdb3b4bcb6600\"},\"headline\":\"Actualit\u00e9s\",\"datePublished\":\"2025-08-09T09:39:40+00:00\",\"dateModified\":\"2025-08-27T10:32:59+00:00\",\"mainEntityOfPage\":{\"@id\":\"https:\/\/www.expressexchange.cm\/actualites\/\"},\"wordCount\":53,\"publisher\":{\"@id\":\"https:\/\/www.expressexchange.cm\/#organization\"},\"inLanguage\":\"en-US\"},{\"@type\":\"WebPage\",\"@id\":\"https:\/\/www.expressexchange.cm\/actualites\/\",\"url\":\"https:\/\/www.expressexchange.cm\/actualites\/\",\"name\":\"Actualit\u00e9s ( 9 August 2025 )\",\"isPartOf\":{\"@id\":\"https:\/\/www.expressexchange.cm\/#website\"},\"datePublished\":\"2025-08-09T09:39:40+00:00\",\"dateModified\":\"2025-08-27T10:32:59+00:00\",\"description\":\"Actus et promos sur le transfert d'argent, change de devise et paiement de facture. Restez \u00e0 jour avec Express Exchange.\",\"breadcrumb\":{\"@id\":\"https:\/\/www.expressexchange.cm\/actualites\/#breadcrumb\"},\"inLanguage\":\"en-US\",\"potentialAction\":[{\"@type\":\"ReadAction\",\"target\":[\"https:\/\/www.expressexchange.cm\/actualites\/\"]}]},{\"@type\":\"BreadcrumbList\",\"@id\":\"https:\/\/www.expressexchange.cm\/actualites\/#breadcrumb\",\"itemListElement\":[{\"@type\":\"ListItem\",\"position\":1,\"name\":\"Home\",\"item\":\"https:\/\/expressexchange.cm\/\"},{\"@type\":\"ListItem\",\"position\":2,\"name\":\"Actualit\u00e9s\"}]},{\"@type\":\"WebSite\",\"@id\":\"https:\/\/www.expressexchange.cm\/#website\",\"url\":\"https:\/\/www.expressexchange.cm\/\",\"name\":\"Express Exchange S.A\",\"description\":\"Num&eacute;ro 1 En Qualit&eacute; De Service\",\"publisher\":{\"@id\":\"https:\/\/www.expressexchange.cm\/#organization\"},\"potentialAction\":[{\"@type\":\"SearchAction\",\"target\":{\"@type\":\"EntryPoint\",\"urlTemplate\":\"https:\/\/www.expressexchange.cm\/?s={search_term_string}\"},\"query-input\":{\"@type\":\"PropertyValueSpecification\",\"valueRequired\":true,\"valueName\":\"search_term_string\"}}],\"inLanguage\":\"en-US\"},{\"@type\":\"Organization\",\"@id\":\"https:\/\/www.expressexchange.cm\/#organization\",\"name\":\"Express Exchange S.A\",\"url\":\"https:\/\/www.expressexchange.cm\/\",\"logo\":{\"@type\":\"ImageObject\",\"inLanguage\":\"en-US\",\"@id\":\"https:\/\/www.expressexchange.cm\/#\/schema\/logo\/image\/\",\"url\":\"https:\/\/www.expressexchange.cm\/wp-content\/uploads\/2025\/07\/LOGO-EX-EX-01-4.png\",\"contentUrl\":\"https:\/\/www.expressexchange.cm\/wp-content\/uploads\/2025\/07\/LOGO-EX-EX-01-4.png\",\"width\":591,\"height\":119,\"caption\":\"Express Exchange S.A\"},\"image\":{\"@id\":\"https:\/\/www.expressexchange.cm\/#\/schema\/logo\/image\/\"},\"sameAs\":[\"https:\/\/www.facebook.com\/share\/16tEs1BMXb\/\"]},{\"@type\":\"Person\",\"@id\":\"https:\/\/www.expressexchange.cm\/#\/schema\/person\/7da4f5b3cd2b881a612cdb3b4bcb6600\",\"name\":\"deffoirice\",\"image\":{\"@type\":\"ImageObject\",\"inLanguage\":\"en-US\",\"@id\":\"https:\/\/www.expressexchange.cm\/#\/schema\/person\/image\/\",\"url\":\"https:\/\/secure.gravatar.com\/avatar\/6d8156e4271b732dcae9d169a9407e63dba29e4615dfbff0d595918cec69c3cf?s=96&d=mm&r=g\",\"contentUrl\":\"https:\/\/secure.gravatar.com\/avatar\/6d8156e4271b732dcae9d169a9407e63dba29e4615dfbff0d595918cec69c3cf?s=96&d=mm&r=g\",\"caption\":\"deffoirice\"},\"sameAs\":[\"http:\/\/localhost\/expressexchange\"]}]}<\/script>\n<!-- \/ Yoast SEO plugin. -->","yoast_head_json":{"title":"Actualit\u00e9s ( 9 August 2025 )","description":"Actus et promos sur le transfert d'argent, change de devise et paiement de facture. Restez \u00e0 jour avec Express Exchange.","robots":{"index":"index","follow":"follow","max-snippet":"max-snippet:-1","max-image-preview":"max-image-preview:large","max-video-preview":"max-video-preview:-1"},"canonical":"https:\/\/www.expressexchange.cm\/actualites\/","og_locale":"en_US","og_type":"article","og_title":"Actualit\u00e9s ( 9 August 2025 )","og_description":"Actus et promos sur le transfert d'argent, change de devise et paiement de facture. Restez \u00e0 jour avec Express Exchange.","og_url":"https:\/\/www.expressexchange.cm\/actualites\/","og_site_name":"expressexchange","article_publisher":"https:\/\/www.facebook.com\/share\/16tEs1BMXb\/","article_modified_time":"2025-08-27T10:32:59+00:00","og_image":[{"width":591,"height":119,"url":"https:\/\/expressexchange.cm\/wp-content\/uploads\/2025\/07\/LOGO-EX-EX-01-4.png","type":"image\/png"}],"twitter_card":"summary_large_image","twitter_misc":{"Est. reading time":"1 minute"},"schema":{"@context":"https:\/\/schema.org","@graph":[{"@type":"NewsArticle","@id":"https:\/\/www.expressexchange.cm\/actualites\/#article","isPartOf":{"@id":"https:\/\/www.expressexchange.cm\/actualites\/"},"author":{"name":"deffoirice","@id":"https:\/\/www.expressexchange.cm\/#\/schema\/person\/7da4f5b3cd2b881a612cdb3b4bcb6600"},"headline":"Actualit\u00e9s","datePublished":"2025-08-09T09:39:40+00:00","dateModified":"2025-08-27T10:32:59+00:00","mainEntityOfPage":{"@id":"https:\/\/www.expressexchange.cm\/actualites\/"},"wordCount":53,"publisher":{"@id":"https:\/\/www.expressexchange.cm\/#organization"},"inLanguage":"en-US"},{"@type":"WebPage","@id":"https:\/\/www.expressexchange.cm\/actualites\/","url":"https:\/\/www.expressexchange.cm\/actualites\/","name":"Actualit\u00e9s ( 9 August 2025 )","isPartOf":{"@id":"https:\/\/www.expressexchange.cm\/#website"},"datePublished":"2025-08-09T09:39:40+00:00","dateModified":"2025-08-27T10:32:59+00:00","description":"Actus et promos sur le transfert d'argent, change de devise et paiement de facture. Restez \u00e0 jour avec Express Exchange.","breadcrumb":{"@id":"https:\/\/www.expressexchange.cm\/actualites\/#breadcrumb"},"inLanguage":"en-US","potentialAction":[{"@type":"ReadAction","target":["https:\/\/www.expressexchange.cm\/actualites\/"]}]},{"@type":"BreadcrumbList","@id":"https:\/\/www.expressexchange.cm\/actualites\/#breadcrumb","itemListElement":[{"@type":"ListItem","position":1,"name":"Home","item":"https:\/\/expressexchange.cm\/"},{"@type":"ListItem","position":2,"name":"Actualit\u00e9s"}]},{"@type":"WebSite","@id":"https:\/\/www.expressexchange.cm\/#website","url":"https:\/\/www.expressexchange.cm\/","name":"Express Exchange S.A","description":"Num&eacute;ro 1 En Qualit&eacute; De Service","publisher":{"@id":"https:\/\/www.expressexchange.cm\/#organization"},"potentialAction":[{"@type":"SearchAction","target":{"@type":"EntryPoint","urlTemplate":"https:\/\/www.expressexchange.cm\/?s={search_term_string}"},"query-input":{"@type":"PropertyValueSpecification","valueRequired":true,"valueName":"search_term_string"}}],"inLanguage":"en-US"},{"@type":"Organization","@id":"https:\/\/www.expressexchange.cm\/#organization","name":"Express Exchange S.A","url":"https:\/\/www.expressexchange.cm\/","logo":{"@type":"ImageObject","inLanguage":"en-US","@id":"https:\/\/www.expressexchange.cm\/#\/schema\/logo\/image\/","url":"https:\/\/www.expressexchange.cm\/wp-content\/uploads\/2025\/07\/LOGO-EX-EX-01-4.png","contentUrl":"https:\/\/www.expressexchange.cm\/wp-content\/uploads\/2025\/07\/LOGO-EX-EX-01-4.png","width":591,"height":119,"caption":"Express Exchange S.A"},"image":{"@id":"https:\/\/www.expressexchange.cm\/#\/schema\/logo\/image\/"},"sameAs":["https:\/\/www.facebook.com\/share\/16tEs1BMXb\/"]},{"@type":"Person","@id":"https:\/\/www.expressexchange.cm\/#\/schema\/person\/7da4f5b3cd2b881a612cdb3b4bcb6600","name":"deffoirice","image":{"@type":"ImageObject","inLanguage":"en-US","@id":"https:\/\/www.expressexchange.cm\/#\/schema\/person\/image\/","url":"https:\/\/secure.gravatar.com\/avatar\/6d8156e4271b732dcae9d169a9407e63dba29e4615dfbff0d595918cec69c3cf?s=96&d=mm&r=g","contentUrl":"https:\/\/secure.gravatar.com\/avatar\/6d8156e4271b732dcae9d169a9407e63dba29e4615dfbff0d595918cec69c3cf?s=96&d=mm&r=g","caption":"deffoirice"},"sameAs":["http:\/\/localhost\/expressexchange"]}]}},"_links":{"self":[{"href":"https:\/\/expressexchange.cm\/en\/wp-json\/wp\/v2\/pages\/3400","targetHints":{"allow":["GET"]}}],"collection":[{"href":"https:\/\/expressexchange.cm\/en\/wp-json\/wp\/v2\/pages"}],"about":[{"href":"https:\/\/expressexchange.cm\/en\/wp-json\/wp\/v2\/types\/page"}],"author":[{"embeddable":true,"href":"https:\/\/expressexchange.cm\/en\/wp-json\/wp\/v2\/users\/1"}],"replies":[{"embeddable":true,"href":"https:\/\/expressexchange.cm\/en\/wp-json\/wp\/v2\/comments?post=3400"}],"version-history":[{"count":0,"href":"https:\/\/expressexchange.cm\/en\/wp-json\/wp\/v2\/pages\/3400\/revisions"}],"wp:attachment":[{"href":"https:\/\/expressexchange.cm\/en\/wp-json\/wp\/v2\/media?parent=3400"}],"curies":[{"name":"wp","href":"https:\/\/api.w.org\/{rel}","templated":true}]}}