{"id":446,"date":"2025-07-16T15:38:04","date_gmt":"2025-07-16T14:38:04","guid":{"rendered":"http:\/\/localhost\/expressexchange\/?page_id=446"},"modified":"2025-08-27T11:01:07","modified_gmt":"2025-08-27T10:01:07","slug":"a-propos-de-nous","status":"publish","type":"page","link":"https:\/\/expressexchange.cm\/en\/a-propos-de-nous\/","title":{"rendered":"About Us"},"content":{"rendered":"<div data-elementor-type=\"wp-page\" data-elementor-id=\"446\" class=\"elementor elementor-446\">\n\t\t\t\t<div class=\"elementor-element elementor-element-3add0cf e-con-full e-flex e-con e-parent\" data-id=\"3add0cf\" data-element_type=\"container\" data-e-type=\"container\" data-settings=\"{&quot;background_background&quot;:&quot;gradient&quot;}\">\n\t\t\t\t<div class=\"elementor-element elementor-element-29f8571 elementor-widget elementor-widget-heading\" data-id=\"29f8571\" data-element_type=\"widget\" data-e-type=\"widget\" data-widget_type=\"heading.default\">\n\t\t\t\t\t<h2 class=\"elementor-heading-title elementor-size-default\">About Us<\/h2>\t\t\t\t<\/div>\n\t\t<div class=\"elementor-element elementor-element-4415a44 e-con-full e-flex e-con e-child\" data-id=\"4415a44\" data-element_type=\"container\" data-e-type=\"container\">\n\t\t\t\t<div class=\"elementor-element elementor-element-aedb108 elementor-widget elementor-widget-elementskit-heading\" data-id=\"aedb108\" data-element_type=\"widget\" data-e-type=\"widget\" data-widget_type=\"elementskit-heading.default\">\n\t\t\t\t\t<div class=\"ekit-wid-con\" ><div class=\"ekit-heading elementskit-section-title-wraper text_left   ekit_heading_tablet-   ekit_heading_mobile-\"><a href=\"https:\/\/expressexchange.cm\/en\/\"><h2 class=\"ekit-heading--title elementskit-section-title\">Home<\/h2><\/a><\/div><\/div>\t\t\t\t<\/div>\n\t\t\t\t<div class=\"elementor-element elementor-element-8955ccb elementor-view-default elementor-widget elementor-widget-icon\" data-id=\"8955ccb\" data-element_type=\"widget\" data-e-type=\"widget\" data-widget_type=\"icon.default\">\n\t\t\t\t\t\t\t<div class=\"elementor-icon-wrapper\">\n\t\t\t<div class=\"elementor-icon\">\n\t\t\t<svg aria-hidden=\"true\" class=\"e-font-icon-svg e-fas-chevron-right\" viewbox=\"0 0 320 512\" xmlns=\"http:\/\/www.w3.org\/2000\/svg\"><path d=\"M285.476 272.971L91.132 467.314c-9.373 9.373-24.569 9.373-33.941 0l-22.667-22.667c-9.357-9.357-9.375-24.522-.04-33.901L188.505 256 34.484 101.255c-9.335-9.379-9.317-24.544.04-33.901l22.667-22.667c9.373-9.373 24.569-9.373 33.941 0L285.475 239.03c9.373 9.372 9.373 24.568.001 33.941z\"><\/path><\/svg>\t\t\t<\/div>\n\t\t<\/div>\n\t\t\t\t\t\t<\/div>\n\t\t\t\t<div class=\"elementor-element elementor-element-93ad8c8 elementor-widget elementor-widget-elementskit-heading\" data-id=\"93ad8c8\" data-element_type=\"widget\" data-e-type=\"widget\" data-widget_type=\"elementskit-heading.default\">\n\t\t\t\t\t<div class=\"ekit-wid-con\" ><div class=\"ekit-heading elementskit-section-title-wraper text_left   ekit_heading_tablet-   ekit_heading_mobile-\"><a href=\"https:\/\/expressexchange.cm\/en\/\u00e0-propos\/\"><h2 class=\"ekit-heading--title elementskit-section-title\">About us <\/h2><\/a><\/div><\/div>\t\t\t\t<\/div>\n\t\t\t\t<div class=\"elementor-element elementor-element-33e0fd0 elementor-view-default elementor-widget elementor-widget-icon\" data-id=\"33e0fd0\" data-element_type=\"widget\" data-e-type=\"widget\" data-widget_type=\"icon.default\">\n\t\t\t\t\t\t\t<div class=\"elementor-icon-wrapper\">\n\t\t\t<div class=\"elementor-icon\">\n\t\t\t<svg aria-hidden=\"true\" class=\"e-font-icon-svg e-fas-chevron-right\" viewbox=\"0 0 320 512\" xmlns=\"http:\/\/www.w3.org\/2000\/svg\"><path d=\"M285.476 272.971L91.132 467.314c-9.373 9.373-24.569 9.373-33.941 0l-22.667-22.667c-9.357-9.357-9.375-24.522-.04-33.901L188.505 256 34.484 101.255c-9.335-9.379-9.317-24.544.04-33.901l22.667-22.667c9.373-9.373 24.569-9.373 33.941 0L285.475 239.03c9.373 9.372 9.373 24.568.001 33.941z\"><\/path><\/svg>\t\t\t<\/div>\n\t\t<\/div>\n\t\t\t\t\t\t<\/div>\n\t\t\t\t<div class=\"elementor-element elementor-element-da38cb9 elementor-widget elementor-widget-elementskit-heading\" data-id=\"da38cb9\" data-element_type=\"widget\" data-e-type=\"widget\" data-widget_type=\"elementskit-heading.default\">\n\t\t\t\t\t<div class=\"ekit-wid-con\" ><div class=\"ekit-heading elementskit-section-title-wraper text_left   ekit_heading_tablet-   ekit_heading_mobile-\"><a href=\"https:\/\/expressexchange.cm\/en\/a-propos-de-nous\/\"><h2 class=\"ekit-heading--title elementskit-section-title\">About Us<\/h2><\/a><\/div><\/div>\t\t\t\t<\/div>\n\t\t\t\t<\/div>\n\t\t\t\t<\/div>\n\t\t<div class=\"elementor-element elementor-element-f490e94 e-con-full e-flex e-con e-parent\" data-id=\"f490e94\" data-element_type=\"container\" data-e-type=\"container\">\n\t\t<div class=\"elementor-element elementor-element-aea2fad e-con-full e-flex e-con e-child\" data-id=\"aea2fad\" data-element_type=\"container\" data-e-type=\"container\" data-settings=\"{&quot;background_background&quot;:&quot;classic&quot;}\">\n\t\t<div class=\"elementor-element elementor-element-a845eab e-con-full e-flex e-con e-child\" data-id=\"a845eab\" data-element_type=\"container\" data-e-type=\"container\" data-settings=\"{&quot;background_background&quot;:&quot;classic&quot;}\">\n\t\t\t\t<div class=\"elementor-element elementor-element-899bc84 elementor-widget elementor-widget-elementskit-heading\" data-id=\"899bc84\" data-element_type=\"widget\" data-e-type=\"widget\" data-widget_type=\"elementskit-heading.default\">\n\t\t\t\t\t<div class=\"ekit-wid-con\" ><div class=\"ekit-heading elementskit-section-title-wraper text_left   ekit_heading_tablet-   ekit_heading_mobile-\"><div class=\"ekit_heading_separetor_wraper ekit_heading_elementskit-border-divider elementskit-style-long\"><div class=\"elementskit-border-divider elementskit-style-long\"><\/div><\/div><h2 class=\"ekit-heading--title elementskit-section-title\">Why <span>choose us<\/span><\/h2><\/div><\/div>\t\t\t\t<\/div>\n\t\t<div class=\"elementor-element elementor-element-80c092f e-con-full e-grid e-con e-child\" data-id=\"80c092f\" data-element_type=\"container\" data-e-type=\"container\">\n\t\t\t\t<div class=\"elementor-element elementor-element-d34251c ekit-equal-height-disable elementor-widget elementor-widget-elementskit-icon-box\" data-id=\"d34251c\" data-element_type=\"widget\" data-e-type=\"widget\" data-widget_type=\"elementskit-icon-box.default\">\n\t\t\t\t\t<div class=\"ekit-wid-con\" >        <!-- link opening -->\n                <a href=\"#\" class=\"ekit_global_links\">\n                <!-- end link opening -->\n\n        <div class=\"elementskit-infobox text-left text-left icon-lef-right-aligin elementor-animation- media\">\n                    <div class=\"elementskit-box-header elementor-animation-\">\n                <div class=\"elementskit-info-box-icon  text-center\">\n                    <i aria-hidden=\"true\" class=\"elementkit-infobox-icon icon icon-placeholder2\"><\/i>\n                <\/div>\n          <\/div>\n                        <div class=\"box-body\">\n                            <h3 class=\"elementskit-info-box-title\">\n                    Proximity                <\/h3>\n                        \t\t  \t<p>dense network of agencies in all regions, extended hours.<\/p>\n                                <\/div>\n        \n        \n                <\/div>\n                <\/a>\n        <\/div>\t\t\t\t<\/div>\n\t\t\t\t<div class=\"elementor-element elementor-element-d711261 ekit-equal-height-disable elementor-widget elementor-widget-elementskit-icon-box\" data-id=\"d711261\" data-element_type=\"widget\" data-e-type=\"widget\" data-widget_type=\"elementskit-icon-box.default\">\n\t\t\t\t\t<div class=\"ekit-wid-con\" >        <!-- link opening -->\n                <a href=\"#\" class=\"ekit_global_links\">\n                <!-- end link opening -->\n\n        <div class=\"elementskit-infobox text- text-left icon-lef-right-aligin elementor-animation- media\">\n                    <div class=\"elementskit-box-header elementor-animation-\">\n                <div class=\"elementskit-info-box-icon  text-center\">\n                    <i aria-hidden=\"true\" class=\"elementkit-infobox-icon icon icon-globe\"><\/i>\n                <\/div>\n          <\/div>\n                        <div class=\"box-body\">\n                            <h3 class=\"elementskit-info-box-title\">\n                    Versatility                <\/h3>\n                        \t\t  \t<p>transfers, exchange, payment of salaries or invoices, collection of revenue.<\/p>\n                                <\/div>\n        \n        \n                <\/div>\n                <\/a>\n        <\/div>\t\t\t\t<\/div>\n\t\t\t\t<div class=\"elementor-element elementor-element-e4b45c5 ekit-equal-height-disable elementor-widget elementor-widget-elementskit-icon-box\" data-id=\"e4b45c5\" data-element_type=\"widget\" data-e-type=\"widget\" data-widget_type=\"elementskit-icon-box.default\">\n\t\t\t\t\t<div class=\"ekit-wid-con\" >        <!-- link opening -->\n                <a href=\"#\" class=\"ekit_global_links\">\n                <!-- end link opening -->\n\n        <div class=\"elementskit-infobox text-left text-left icon-lef-right-aligin elementor-animation- media\">\n                    <div class=\"elementskit-box-header elementor-animation-\">\n                <div class=\"elementskit-info-box-icon  text-center\">\n                    <svg aria-hidden=\"true\" class=\"elementkit-infobox-icon e-font-icon-svg e-fas-lock\" viewbox=\"0 0 448 512\" xmlns=\"http:\/\/www.w3.org\/2000\/svg\"><path d=\"M400 224h-24v-72C376 68.2 307.8 0 224 0S72 68.2 72 152v72H48c-26.5 0-48 21.5-48 48v192c0 26.5 21.5 48 48 48h352c26.5 0 48-21.5 48-48V272c0-26.5-21.5-48-48-48zm-104 0H152v-72c0-39.7 32.3-72 72-72s72 32.3 72 72v72z\"><\/path><\/svg>\n                <\/div>\n          <\/div>\n                        <div class=\"box-body\">\n                            <h3 class=\"elementskit-info-box-title\">\n                    Security and compliance                <\/h3>\n                        \t\t  \t<p>approved by MINFI, partnership with MoneyGram.<\/p>\n                                <\/div>\n        \n        \n                <\/div>\n                <\/a>\n        <\/div>\t\t\t\t<\/div>\n\t\t\t\t<div class=\"elementor-element elementor-element-092cc40 ekit-equal-height-disable elementor-widget elementor-widget-elementskit-icon-box\" data-id=\"092cc40\" data-element_type=\"widget\" data-e-type=\"widget\" data-widget_type=\"elementskit-icon-box.default\">\n\t\t\t\t\t<div class=\"ekit-wid-con\" >        <!-- link opening -->\n                <a href=\"#\" class=\"ekit_global_links\">\n                <!-- end link opening -->\n\n        <div class=\"elementskit-infobox text-left text-left icon-lef-right-aligin elementor-animation- media\">\n                    <div class=\"elementskit-box-header elementor-animation-\">\n                <div class=\"elementskit-info-box-icon  text-center\">\n                    <i aria-hidden=\"true\" class=\"elementkit-infobox-icon icon icon-Family\"><\/i>\n                <\/div>\n          <\/div>\n                        <div class=\"box-body\">\n                            <h3 class=\"elementskit-info-box-title\">\n                    Social impact                <\/h3>\n                        \t\t  \t<p>facilitating financial inclusion for populations far from banks.<\/p>\n                                <\/div>\n        \n        \n                <\/div>\n                <\/a>\n        <\/div>\t\t\t\t<\/div>\n\t\t\t\t<\/div>\n\t\t\t\t<\/div>\n\t\t\t\t<\/div>\n\t\t\t\t<\/div>\n\t\t<div class=\"elementor-element elementor-element-421d8fe e-flex e-con-boxed e-con e-parent\" data-id=\"421d8fe\" data-element_type=\"container\" data-e-type=\"container\">\n\t\t\t\t\t<div class=\"e-con-inner\">\n\t\t<div class=\"elementor-element elementor-element-98ad95e e-con-full e-flex e-con e-child\" data-id=\"98ad95e\" data-element_type=\"container\" data-e-type=\"container\" data-settings=\"{&quot;background_background&quot;:&quot;classic&quot;}\">\n\t\t\t\t<div class=\"elementor-element elementor-element-971ac04 elementor-widget elementor-widget-heading\" data-id=\"971ac04\" data-element_type=\"widget\" data-e-type=\"widget\" data-widget_type=\"heading.default\">\n\t\t\t\t\t<h2 class=\"elementor-heading-title elementor-size-default\">EXPRESS EXCHANGE S.A.<\/h2>\t\t\t\t<\/div>\n\t\t\t\t<div class=\"elementor-element elementor-element-22f05f0 elementor-widget elementor-widget-text-editor\" data-id=\"22f05f0\" data-element_type=\"widget\" data-e-type=\"widget\" data-widget_type=\"text-editor.default\">\n\t\t\t\t\t\t\t\t\t<p id=\"tw-target-text\" class=\"tw-data-text tw-text-large tw-ta\" dir=\"ltr\" data-placeholder=\"Traduction\" aria-label=\"Texte traduit\u00a0: Express Exchange a\u00a0\u00e9t\u00e9\u00a0Fond\u00e9e en 2000 et agr\u00e9\u00e9e par le Minist\u00e8re des Finances du Cameroun (agr\u00e9ment n\u00b009395), Express Exchange S.A. est une entreprise camerounaise de services financiers bas\u00e9e \u00e0 Douala, avec un r\u00e9seau de plus de 300 agences \u00e0 travers les 10 r\u00e9gions, dont 60 ouvertes le dimanche et des guichets nocturnes jusqu'\u00e0 20h.\" data-ved=\"2ahUKEwjhh__Zl9uOAxWD1wIHHWTEJdEQ3ewLegQIDhAU\"><span class=\"Y2IQFc\" lang=\"fr\"><strong><span style=\"color: #ff0000;\">Express Exchange S.A.<\/span><\/strong>\u00a0was founded in 2000 and approved by the Ministry of Finance of Cameroon (approval no. 09395),<strong><span style=\"color: #ff0000;\"> Express Exchange S.A.<\/span><\/strong> is a Cameroonian financial services company based in Douala, with a network of more than 300 points of sale across the 10 regions, including 60 open on Sundays and night counters until 8 p.m.<\/span><\/p>\t\t\t\t\t\t\t\t<\/div>\n\t\t\t\t<\/div>\n\t\t<div class=\"elementor-element elementor-element-6d54f6a e-con-full e-flex e-con e-child\" data-id=\"6d54f6a\" data-element_type=\"container\" data-e-type=\"container\" data-settings=\"{&quot;background_background&quot;:&quot;classic&quot;}\">\n\t\t\t\t<div class=\"elementor-element elementor-element-15a2a56 elementor-widget elementor-widget-heading\" data-id=\"15a2a56\" data-element_type=\"widget\" data-e-type=\"widget\" data-widget_type=\"heading.default\">\n\t\t\t\t\t<h2 class=\"elementor-heading-title elementor-size-default\">EXPRESS EXCHANGE FINANCIAL S.A.<\/h2>\t\t\t\t<\/div>\n\t\t\t\t<div class=\"elementor-element elementor-element-57e5f8b elementor-widget elementor-widget-text-editor\" data-id=\"57e5f8b\" data-element_type=\"widget\" data-e-type=\"widget\" data-widget_type=\"text-editor.default\">\n\t\t\t\t\t\t\t\t\t<p id=\"tw-target-text\" class=\"tw-data-text tw-text-large tw-ta\" dir=\"ltr\" data-placeholder=\"Traduction\" aria-label=\"Texte traduit\u00a0: Express Exchange Financial a \u00e9t\u00e9 Fond\u00e9e en 2000 et agr\u00e9\u00e9e par le Minist\u00e8re des Finances sous le n\u00b009395 depuis le 15 f\u00e9vrier 2000, Express Exchange Financial S.A. (\u00e9galement qualifi\u00e9e d\u2019\u00e9tablissement de microfinance de 2\u1d49 cat\u00e9gorie, agr\u00e9ment n\u00b0000450\/MINFI du 12 juin 2018) est une entreprise financi\u00e8re camerounaise bas\u00e9e \u00e0 Douala. Elle rassemble entre 500 et 1000 collaborateurs et dispose d\u2019un capital social d\u2019environ 5 000 000 000 FCFA.\" data-ved=\"2ahUKEwjhh__Zl9uOAxWD1wIHHWTEJdEQ3ewLegQIDhAU\"><span class=\"Y2IQFc\" lang=\"fr\"><strong><span style=\"color: #ff0000;\">Express Exchange Financial S.A.<\/span><\/strong> was founded in 2000 and approved by the Ministry of Finance under number 09395 since February 15, 2000, <strong><span style=\"color: #ff0000;\">Express Exchange Financial S.A.<\/span><\/strong> (also qualified as a 2nd category microfinance institution, approval no. 000450\/MINFI of June 12, 2018) is a Cameroonian financial company based in Douala. It has between 500 and 1000 employees and a share capital of approximately 500,000,000 FCFA<\/span><\/p>\t\t\t\t\t\t\t\t<\/div>\n\t\t\t\t<\/div>\n\t\t\t\t\t<\/div>\n\t\t\t\t<\/div>\n\t\t\t\t<\/div>\n\t\t\n    <div class=\"xs_social_share_widget xs_share_url after_content \t\tmain_content  wslu-style-1 wslu-share-box-shaped wslu-fill-colored wslu-none wslu-share-horizontal wslu-theme-font-no wslu-main_content\">\n\n\t\t\n        <ul>\n\t\t\t        <\/ul>\n    <\/div>","protected":false},"excerpt":{"rendered":"<p>\u00c0 Propos de nous Acceuil \u00c0 propos \u00c0 propos de nous Pourquoi nous choisir Proximit\u00e9 r\u00e9seau d\u2019agences denses dans toutes les r\u00e9gions, horaires \u00e9tendus. Polyvalence transferts, change, paiement de salaires ou factures, collecte de recettes. S\u00e9curit\u00e9 et conformit\u00e9 agr\u00e9\u00e9 par le MINFI, partenariat avec MoneyGram. Impact social facilitation de l\u2019inclusion financi\u00e8re des populations \u00e9loign\u00e9es des [&hellip;]<\/p>","protected":false},"author":1,"featured_media":0,"parent":0,"menu_order":0,"comment_status":"closed","ping_status":"closed","template":"","meta":{"postBodyCss":"","postBodyMargin":[],"postBodyPadding":[],"postBodyBackground":{"backgroundType":"classic","gradient":""},"footnotes":""},"class_list":["post-446","page","type-page","status-publish","hentry"],"yoast_head":"<!-- This site is optimized with the Yoast SEO plugin v25.9 - https:\/\/yoast.com\/wordpress\/plugins\/seo\/ -->\n<title>\u00c0 propos de nous - Num&eacute;ro 1 En Qualit&eacute; De Service<\/title>\n<meta name=\"description\" content=\"Transfert d&#039;argent, change de devise, paiement de factures : Express Exchange, votre partenaire rapide et fiable en toute securit\u00e9\" \/>\n<meta name=\"robots\" content=\"index, follow, max-snippet:-1, max-image-preview:large, max-video-preview:-1\" \/>\n<link rel=\"canonical\" href=\"https:\/\/www.expressexchange.cm\/a-propos-de-nous\/\" \/>\n<meta property=\"og:locale\" content=\"en_US\" \/>\n<meta property=\"og:type\" content=\"article\" \/>\n<meta property=\"og:title\" content=\"\u00c0 propos de nous - Num&eacute;ro 1 En Qualit&eacute; De Service\" \/>\n<meta property=\"og:description\" content=\"Transfert d&#039;argent, change de devise, paiement de factures : Express Exchange, votre partenaire rapide et fiable en toute securit\u00e9\" \/>\n<meta property=\"og:url\" content=\"https:\/\/www.expressexchange.cm\/a-propos-de-nous\/\" \/>\n<meta property=\"og:site_name\" content=\"expressexchange\" \/>\n<meta property=\"article:publisher\" content=\"https:\/\/www.facebook.com\/share\/16tEs1BMXb\/\" \/>\n<meta property=\"article:modified_time\" content=\"2025-08-27T10:01:07+00:00\" \/>\n<meta property=\"og:image\" content=\"https:\/\/expressexchange.cm\/wp-content\/uploads\/2025\/07\/LOGO-EX-EX-01-4.png\" \/>\n\t<meta property=\"og:image:width\" content=\"591\" \/>\n\t<meta property=\"og:image:height\" content=\"119\" \/>\n\t<meta property=\"og:image:type\" content=\"image\/png\" \/>\n<meta name=\"twitter:card\" content=\"summary_large_image\" \/>\n<meta name=\"twitter:label1\" content=\"Est. reading time\" \/>\n\t<meta name=\"twitter:data1\" content=\"1 minute\" \/>\n<script type=\"application\/ld+json\" class=\"yoast-schema-graph\">{\"@context\":\"https:\/\/schema.org\",\"@graph\":[{\"@type\":\"WebPage\",\"@id\":\"https:\/\/www.expressexchange.cm\/a-propos-de-nous\/\",\"url\":\"https:\/\/www.expressexchange.cm\/a-propos-de-nous\/\",\"name\":\"\u00c0 propos de nous - Num&eacute;ro 1 En Qualit&eacute; De Service\",\"isPartOf\":{\"@id\":\"https:\/\/www.expressexchange.cm\/#website\"},\"datePublished\":\"2025-07-16T14:38:04+00:00\",\"dateModified\":\"2025-08-27T10:01:07+00:00\",\"description\":\"Transfert d'argent, change de devise, paiement de factures : Express Exchange, votre partenaire rapide et fiable en toute securit\u00e9\",\"breadcrumb\":{\"@id\":\"https:\/\/www.expressexchange.cm\/a-propos-de-nous\/#breadcrumb\"},\"inLanguage\":\"en-US\",\"potentialAction\":[{\"@type\":\"ReadAction\",\"target\":[\"https:\/\/www.expressexchange.cm\/a-propos-de-nous\/\"]}]},{\"@type\":\"BreadcrumbList\",\"@id\":\"https:\/\/www.expressexchange.cm\/a-propos-de-nous\/#breadcrumb\",\"itemListElement\":[{\"@type\":\"ListItem\",\"position\":1,\"name\":\"Home\",\"item\":\"https:\/\/expressexchange.cm\/\"},{\"@type\":\"ListItem\",\"position\":2,\"name\":\"\u00c0 propos de nous\"}]},{\"@type\":\"WebSite\",\"@id\":\"https:\/\/www.expressexchange.cm\/#website\",\"url\":\"https:\/\/www.expressexchange.cm\/\",\"name\":\"Express Exchange S.A\",\"description\":\"Num&eacute;ro 1 En Qualit&eacute; De Service\",\"publisher\":{\"@id\":\"https:\/\/www.expressexchange.cm\/#organization\"},\"potentialAction\":[{\"@type\":\"SearchAction\",\"target\":{\"@type\":\"EntryPoint\",\"urlTemplate\":\"https:\/\/www.expressexchange.cm\/?s={search_term_string}\"},\"query-input\":{\"@type\":\"PropertyValueSpecification\",\"valueRequired\":true,\"valueName\":\"search_term_string\"}}],\"inLanguage\":\"en-US\"},{\"@type\":\"Organization\",\"@id\":\"https:\/\/www.expressexchange.cm\/#organization\",\"name\":\"Express Exchange S.A\",\"url\":\"https:\/\/www.expressexchange.cm\/\",\"logo\":{\"@type\":\"ImageObject\",\"inLanguage\":\"en-US\",\"@id\":\"https:\/\/www.expressexchange.cm\/#\/schema\/logo\/image\/\",\"url\":\"https:\/\/www.expressexchange.cm\/wp-content\/uploads\/2025\/07\/LOGO-EX-EX-01-4.png\",\"contentUrl\":\"https:\/\/www.expressexchange.cm\/wp-content\/uploads\/2025\/07\/LOGO-EX-EX-01-4.png\",\"width\":591,\"height\":119,\"caption\":\"Express Exchange S.A\"},\"image\":{\"@id\":\"https:\/\/www.expressexchange.cm\/#\/schema\/logo\/image\/\"},\"sameAs\":[\"https:\/\/www.facebook.com\/share\/16tEs1BMXb\/\"]}]}<\/script>\n<!-- \/ Yoast SEO plugin. -->","yoast_head_json":{"title":"\u00c0 propos de nous - Num&eacute;ro 1 En Qualit&eacute; De Service","description":"Transfert d'argent, change de devise, paiement de factures : Express Exchange, votre partenaire rapide et fiable en toute securit\u00e9","robots":{"index":"index","follow":"follow","max-snippet":"max-snippet:-1","max-image-preview":"max-image-preview:large","max-video-preview":"max-video-preview:-1"},"canonical":"https:\/\/www.expressexchange.cm\/a-propos-de-nous\/","og_locale":"en_US","og_type":"article","og_title":"\u00c0 propos de nous - Num&eacute;ro 1 En Qualit&eacute; De Service","og_description":"Transfert d'argent, change de devise, paiement de factures : Express Exchange, votre partenaire rapide et fiable en toute securit\u00e9","og_url":"https:\/\/www.expressexchange.cm\/a-propos-de-nous\/","og_site_name":"expressexchange","article_publisher":"https:\/\/www.facebook.com\/share\/16tEs1BMXb\/","article_modified_time":"2025-08-27T10:01:07+00:00","og_image":[{"width":591,"height":119,"url":"https:\/\/expressexchange.cm\/wp-content\/uploads\/2025\/07\/LOGO-EX-EX-01-4.png","type":"image\/png"}],"twitter_card":"summary_large_image","twitter_misc":{"Est. reading time":"1 minute"},"schema":{"@context":"https:\/\/schema.org","@graph":[{"@type":"WebPage","@id":"https:\/\/www.expressexchange.cm\/a-propos-de-nous\/","url":"https:\/\/www.expressexchange.cm\/a-propos-de-nous\/","name":"\u00c0 propos de nous - Num&eacute;ro 1 En Qualit&eacute; De Service","isPartOf":{"@id":"https:\/\/www.expressexchange.cm\/#website"},"datePublished":"2025-07-16T14:38:04+00:00","dateModified":"2025-08-27T10:01:07+00:00","description":"Transfert d'argent, change de devise, paiement de factures : Express Exchange, votre partenaire rapide et fiable en toute securit\u00e9","breadcrumb":{"@id":"https:\/\/www.expressexchange.cm\/a-propos-de-nous\/#breadcrumb"},"inLanguage":"en-US","potentialAction":[{"@type":"ReadAction","target":["https:\/\/www.expressexchange.cm\/a-propos-de-nous\/"]}]},{"@type":"BreadcrumbList","@id":"https:\/\/www.expressexchange.cm\/a-propos-de-nous\/#breadcrumb","itemListElement":[{"@type":"ListItem","position":1,"name":"Home","item":"https:\/\/expressexchange.cm\/"},{"@type":"ListItem","position":2,"name":"\u00c0 propos de nous"}]},{"@type":"WebSite","@id":"https:\/\/www.expressexchange.cm\/#website","url":"https:\/\/www.expressexchange.cm\/","name":"Express Exchange S.A","description":"Num&eacute;ro 1 En Qualit&eacute; De Service","publisher":{"@id":"https:\/\/www.expressexchange.cm\/#organization"},"potentialAction":[{"@type":"SearchAction","target":{"@type":"EntryPoint","urlTemplate":"https:\/\/www.expressexchange.cm\/?s={search_term_string}"},"query-input":{"@type":"PropertyValueSpecification","valueRequired":true,"valueName":"search_term_string"}}],"inLanguage":"en-US"},{"@type":"Organization","@id":"https:\/\/www.expressexchange.cm\/#organization","name":"Express Exchange S.A","url":"https:\/\/www.expressexchange.cm\/","logo":{"@type":"ImageObject","inLanguage":"en-US","@id":"https:\/\/www.expressexchange.cm\/#\/schema\/logo\/image\/","url":"https:\/\/www.expressexchange.cm\/wp-content\/uploads\/2025\/07\/LOGO-EX-EX-01-4.png","contentUrl":"https:\/\/www.expressexchange.cm\/wp-content\/uploads\/2025\/07\/LOGO-EX-EX-01-4.png","width":591,"height":119,"caption":"Express Exchange S.A"},"image":{"@id":"https:\/\/www.expressexchange.cm\/#\/schema\/logo\/image\/"},"sameAs":["https:\/\/www.facebook.com\/share\/16tEs1BMXb\/"]}]}},"_links":{"self":[{"href":"https:\/\/expressexchange.cm\/en\/wp-json\/wp\/v2\/pages\/446","targetHints":{"allow":["GET"]}}],"collection":[{"href":"https:\/\/expressexchange.cm\/en\/wp-json\/wp\/v2\/pages"}],"about":[{"href":"https:\/\/expressexchange.cm\/en\/wp-json\/wp\/v2\/types\/page"}],"author":[{"embeddable":true,"href":"https:\/\/expressexchange.cm\/en\/wp-json\/wp\/v2\/users\/1"}],"replies":[{"embeddable":true,"href":"https:\/\/expressexchange.cm\/en\/wp-json\/wp\/v2\/comments?post=446"}],"version-history":[{"count":0,"href":"https:\/\/expressexchange.cm\/en\/wp-json\/wp\/v2\/pages\/446\/revisions"}],"wp:attachment":[{"href":"https:\/\/expressexchange.cm\/en\/wp-json\/wp\/v2\/media?parent=446"}],"curies":[{"name":"wp","href":"https:\/\/api.w.org\/{rel}","templated":true}]}}