{"id":505,"date":"2025-07-17T12:27:37","date_gmt":"2025-07-17T11:27:37","guid":{"rendered":"http:\/\/localhost\/expressexchange\/?page_id=505"},"modified":"2025-08-17T22:35:18","modified_gmt":"2025-08-17T21:35:18","slug":"transfert-dargent","status":"publish","type":"page","link":"https:\/\/expressexchange.cm\/en\/transfert-dargent\/","title":{"rendered":"Money transfer"},"content":{"rendered":"<div data-elementor-type=\"wp-page\" data-elementor-id=\"505\" class=\"elementor elementor-505\">\n\t\t\t\t<div class=\"elementor-element elementor-element-ca790cd e-con-full e-flex e-con e-parent\" data-id=\"ca790cd\" data-element_type=\"container\" data-e-type=\"container\" data-settings=\"{&quot;background_background&quot;:&quot;classic&quot;}\">\n\t\t\t\t<div class=\"elementor-element elementor-element-0b00747 elementor-widget elementor-widget-heading\" data-id=\"0b00747\" data-element_type=\"widget\" data-e-type=\"widget\" data-widget_type=\"heading.default\">\n\t\t\t\t\t<h2 class=\"elementor-heading-title elementor-size-default\">Explore Express Exchange<\/h2>\t\t\t\t<\/div>\n\t\t<div class=\"elementor-element elementor-element-78a6068 e-con-full e-flex e-con e-child\" data-id=\"78a6068\" data-element_type=\"container\" data-e-type=\"container\">\n\t\t\t\t<div class=\"elementor-element elementor-element-d2e6a19 elementor-widget elementor-widget-elementskit-heading\" data-id=\"d2e6a19\" data-element_type=\"widget\" data-e-type=\"widget\" data-widget_type=\"elementskit-heading.default\">\n\t\t\t\t\t<div class=\"ekit-wid-con\" ><div class=\"ekit-heading elementskit-section-title-wraper text_left   ekit_heading_tablet-   ekit_heading_mobile-\"><a href=\"https:\/\/expressexchange.cm\/en\/\"><h2 class=\"ekit-heading--title elementskit-section-title\">Home<\/h2><\/a><\/div><\/div>\t\t\t\t<\/div>\n\t\t\t\t<div class=\"elementor-element elementor-element-934056f elementor-view-default elementor-widget elementor-widget-icon\" data-id=\"934056f\" data-element_type=\"widget\" data-e-type=\"widget\" data-widget_type=\"icon.default\">\n\t\t\t\t\t\t\t<div class=\"elementor-icon-wrapper\">\n\t\t\t<div class=\"elementor-icon\">\n\t\t\t<svg aria-hidden=\"true\" class=\"e-font-icon-svg e-fas-chevron-right\" viewbox=\"0 0 320 512\" xmlns=\"http:\/\/www.w3.org\/2000\/svg\"><path d=\"M285.476 272.971L91.132 467.314c-9.373 9.373-24.569 9.373-33.941 0l-22.667-22.667c-9.357-9.357-9.375-24.522-.04-33.901L188.505 256 34.484 101.255c-9.335-9.379-9.317-24.544.04-33.901l22.667-22.667c9.373-9.373 24.569-9.373 33.941 0L285.475 239.03c9.373 9.372 9.373 24.568.001 33.941z\"><\/path><\/svg>\t\t\t<\/div>\n\t\t<\/div>\n\t\t\t\t\t\t<\/div>\n\t\t\t\t<div class=\"elementor-element elementor-element-0cc62d9 elementor-widget elementor-widget-elementskit-heading\" data-id=\"0cc62d9\" data-element_type=\"widget\" data-e-type=\"widget\" data-widget_type=\"elementskit-heading.default\">\n\t\t\t\t\t<div class=\"ekit-wid-con\" ><div class=\"ekit-heading elementskit-section-title-wraper text_left   ekit_heading_tablet-   ekit_heading_mobile-\"><a href=\"https:\/\/expressexchange.cm\/en\/nos-services\/\"><h2 class=\"ekit-heading--title elementskit-section-title\">Our services<\/h2><\/a><\/div><\/div>\t\t\t\t<\/div>\n\t\t\t\t<div class=\"elementor-element elementor-element-f205795 elementor-view-default elementor-widget elementor-widget-icon\" data-id=\"f205795\" data-element_type=\"widget\" data-e-type=\"widget\" data-widget_type=\"icon.default\">\n\t\t\t\t\t\t\t<div class=\"elementor-icon-wrapper\">\n\t\t\t<div class=\"elementor-icon\">\n\t\t\t<svg aria-hidden=\"true\" class=\"e-font-icon-svg e-fas-chevron-right\" viewbox=\"0 0 320 512\" xmlns=\"http:\/\/www.w3.org\/2000\/svg\"><path d=\"M285.476 272.971L91.132 467.314c-9.373 9.373-24.569 9.373-33.941 0l-22.667-22.667c-9.357-9.357-9.375-24.522-.04-33.901L188.505 256 34.484 101.255c-9.335-9.379-9.317-24.544.04-33.901l22.667-22.667c9.373-9.373 24.569-9.373 33.941 0L285.475 239.03c9.373 9.372 9.373 24.568.001 33.941z\"><\/path><\/svg>\t\t\t<\/div>\n\t\t<\/div>\n\t\t\t\t\t\t<\/div>\n\t\t\t\t<div class=\"elementor-element elementor-element-861d575 elementor-widget elementor-widget-elementskit-heading\" data-id=\"861d575\" data-element_type=\"widget\" data-e-type=\"widget\" data-widget_type=\"elementskit-heading.default\">\n\t\t\t\t\t<div class=\"ekit-wid-con\" ><div class=\"ekit-heading elementskit-section-title-wraper text_left   ekit_heading_tablet-   ekit_heading_mobile-\"><a href=\"https:\/\/expressexchange.cm\/en\/transfert-d&\/#039;argent\"><h2 class=\"ekit-heading--title elementskit-section-title\">Money transfer\/bill payment\/currency exchange<\/h2><\/a><\/div><\/div>\t\t\t\t<\/div>\n\t\t\t\t<\/div>\n\t\t\t\t<\/div>\n\t\t<div class=\"elementor-element elementor-element-40af936 e-flex e-con-boxed e-con e-parent\" data-id=\"40af936\" data-element_type=\"container\" data-e-type=\"container\" data-settings=\"{&quot;background_background&quot;:&quot;classic&quot;}\">\n\t\t\t\t\t<div class=\"e-con-inner\">\n\t\t<div class=\"elementor-element elementor-element-229a112 e-con-full e-flex e-con e-child\" data-id=\"229a112\" data-element_type=\"container\" data-e-type=\"container\" data-settings=\"{&quot;background_background&quot;:&quot;classic&quot;}\">\n\t\t\t\t<div class=\"elementor-element elementor-element-3a21ec9 elementor-widget elementor-widget-elementskit-heading\" data-id=\"3a21ec9\" data-element_type=\"widget\" data-e-type=\"widget\" data-widget_type=\"elementskit-heading.default\">\n\t\t\t\t\t<div class=\"ekit-wid-con\" ><div class=\"ekit-heading elementskit-section-title-wraper text_center   ekit_heading_tablet-   ekit_heading_mobile-\"><h2 class=\"ekit-heading--title elementskit-section-title\">Our services, your peace of mind.<\/h2>\t\t\t\t<div class='ekit-heading__description'>\n\t\t\t\t\t<p>in <span style=\"color: #ff0000\"><strong>Express Exchange<\/strong>,<\/span> We put speed, reliability, and security at the heart of everything we do. Whether it's for your money transfers, foreign exchange transactions, or everyday financial needs, we offer you simple, efficient solutions that are accessible anywhere, anytime.<\/p>\n\n\t\t\t\t<\/div>\n\t\t\t<\/div><\/div>\t\t\t\t<\/div>\n\t\t<div class=\"elementor-element elementor-element-f7771be e-flex e-con-boxed e-con e-child\" data-id=\"f7771be\" data-element_type=\"container\" data-e-type=\"container\">\n\t\t\t\t\t<div class=\"e-con-inner\">\n\t\t\t\t<div class=\"elementor-element elementor-element-6b78d4e elementor-widget elementor-widget-image\" data-id=\"6b78d4e\" data-element_type=\"widget\" data-e-type=\"widget\" data-widget_type=\"image.default\">\n\t\t\t\t\t\t\t\t\t\t\t\t\t\t\t<img fetchpriority=\"high\" decoding=\"async\" width=\"800\" height=\"533\" src=\"https:\/\/expressexchange.cm\/wp-content\/uploads\/2025\/08\/sur-ordi.jpg\" class=\"attachment-large size-large wp-image-2971\" alt=\"\" \/>\t\t\t\t\t\t\t\t\t\t\t\t\t\t\t<\/div>\n\t\t\t\t\t<\/div>\n\t\t\t\t<\/div>\n\t\t<div class=\"elementor-element elementor-element-611b242 e-con-full e-flex elementor-invisible e-con e-child\" data-id=\"611b242\" data-element_type=\"container\" data-e-type=\"container\" data-settings=\"{&quot;animation&quot;:&quot;fadeInUp&quot;}\">\n\t\t<div class=\"elementor-element elementor-element-7f019b8 e-con-full e-flex e-con e-child\" data-id=\"7f019b8\" data-element_type=\"container\" data-e-type=\"container\" data-settings=\"{&quot;background_background&quot;:&quot;classic&quot;}\">\n\t\t\t\t<div class=\"elementor-element elementor-element-0b88b43 elementor-widget elementor-widget-elementskit-heading\" data-id=\"0b88b43\" data-element_type=\"widget\" data-e-type=\"widget\" data-widget_type=\"elementskit-heading.default\">\n\t\t\t\t\t<div class=\"ekit-wid-con\" ><div class=\"ekit-heading elementskit-section-title-wraper text_left   ekit_heading_tablet-   ekit_heading_mobile-\"><h2 class=\"ekit-heading--title elementskit-section-title\">Money transfer<\/h2>\t\t\t\t<div class='ekit-heading__description'>\n\t\t\t\t\t<p><span class=\"relative -mx-px my-[-0.2rem] rounded px-px py-[0.2rem] transition-colors duration-100 ease-in-out\">Send or receive funds in minutes: the sender deposits money at an agency or via a partner platform, and the recipient can withdraw <strong><span style=\"color: #ff0000\">in cash without requiring an account<\/span> <span style=\"color: #ff0000\">Express Exchange<\/span><\/strong>, guaranteeing a simple and fast experience<\/span> .<span class=\"relative -mx-px my-[-0.2rem] rounded px-px py-[0.2rem] transition-colors duration-100 ease-in-out\"><strong>Clear and flat-rate fees<\/strong>, calculated according to a fixed grid according to the amount bracket<\/span><span class=\"relative -mx-px my-[-0.2rem] rounded px-px py-[0.2rem] transition-colors duration-100 ease-in-out\"><strong>. <\/strong><\/span><span class=\"relative -mx-px my-[-0.2rem] rounded px-px py-[0.2rem] transition-colors duration-100 ease-in-out\"><strong>Great accessibility on the<\/strong>\u00a0dense national network, including extended hours and Sunday openings.<\/span><span class=\"relative -mx-px my-[-0.2rem] rounded px-px py-[0.2rem] transition-colors duration-100 ease-in-out\"><strong>No withdrawal fees<\/strong> for the beneficiary.<\/span><\/p>\n\t\t\t\t<\/div>\n\t\t\t<\/div><\/div>\t\t\t\t<\/div>\n\t\t\t\t<\/div>\n\t\t\t\t<\/div>\n\t\t\t\t<\/div>\n\t\t\t\t\t<\/div>\n\t\t\t\t<\/div>\n\t\t<div class=\"elementor-element elementor-element-6071efb e-flex e-con-boxed e-con e-parent\" data-id=\"6071efb\" data-element_type=\"container\" data-e-type=\"container\" data-settings=\"{&quot;background_background&quot;:&quot;classic&quot;}\">\n\t\t\t\t\t<div class=\"e-con-inner\">\n\t\t<div class=\"elementor-element elementor-element-e7e9fd2 e-con-full e-flex e-con e-child\" data-id=\"e7e9fd2\" data-element_type=\"container\" data-e-type=\"container\" data-settings=\"{&quot;background_background&quot;:&quot;classic&quot;}\">\n\t\t<div class=\"elementor-element elementor-element-1fb653a e-flex e-con-boxed e-con e-child\" data-id=\"1fb653a\" data-element_type=\"container\" data-e-type=\"container\">\n\t\t\t\t\t<div class=\"e-con-inner\">\n\t\t\t\t<div class=\"elementor-element elementor-element-9c400d0 elementor-widget elementor-widget-image\" data-id=\"9c400d0\" data-element_type=\"widget\" data-e-type=\"widget\" data-widget_type=\"image.default\">\n\t\t\t\t\t\t\t\t\t\t\t\t\t\t\t<img decoding=\"async\" width=\"800\" height=\"533\" src=\"https:\/\/expressexchange.cm\/wp-content\/uploads\/2025\/08\/contact-image-2.jpeg\" class=\"attachment-large size-large wp-image-2973\" alt=\"\" \/>\t\t\t\t\t\t\t\t\t\t\t\t\t\t\t<\/div>\n\t\t\t\t\t<\/div>\n\t\t\t\t<\/div>\n\t\t<div class=\"elementor-element elementor-element-e7d971e e-con-full e-flex elementor-invisible e-con e-child\" data-id=\"e7d971e\" data-element_type=\"container\" data-e-type=\"container\" data-settings=\"{&quot;animation&quot;:&quot;fadeInUp&quot;}\">\n\t\t<div class=\"elementor-element elementor-element-d30c970 e-con-full e-flex e-con e-child\" data-id=\"d30c970\" data-element_type=\"container\" data-e-type=\"container\" data-settings=\"{&quot;background_background&quot;:&quot;classic&quot;}\">\n\t\t\t\t<div class=\"elementor-element elementor-element-c4135df elementor-widget elementor-widget-elementskit-heading\" data-id=\"c4135df\" data-element_type=\"widget\" data-e-type=\"widget\" data-widget_type=\"elementskit-heading.default\">\n\t\t\t\t\t<div class=\"ekit-wid-con\" ><div class=\"ekit-heading elementskit-section-title-wraper text_left   ekit_heading_tablet-   ekit_heading_mobile-\"><h2 class=\"ekit-heading--title elementskit-section-title\">Bill payment<\/h2>\t\t\t\t<div class='ekit-heading__description'>\n\t\t\t\t\t<p>The service is available for very small amounts. Processing in<span class=\"relative -mx-px my-[-0.2rem] rounded px-px py-[0.2rem] transition-colors duration-100 ease-in-out\">less than 5 minutes at the counter, without requiring a paper invoice, just a simple alert SMS is enough. This service available <strong>everyday<\/strong>, including <strong>Sundays and public holidays<\/strong>, in all the points of sale <strong><span style=\"color: #ff0000\">Express Exchange S.A.<\/span><\/strong>\u00a0in Cameroon and in case of loss, you can obtain a copy free of charge in any point of sale <strong><span style=\"color: #ff0000\">Express Exchange S.A.<\/span><\/strong><\/span><\/p>\n\t\t\t\t<\/div>\n\t\t\t<\/div><\/div>\t\t\t\t<\/div>\n\t\t\t\t<\/div>\n\t\t\t\t<\/div>\n\t\t\t\t<\/div>\n\t\t\t\t\t<\/div>\n\t\t\t\t<\/div>\n\t\t<div class=\"elementor-element elementor-element-3bc1a45 e-con-full e-flex e-con e-parent\" data-id=\"3bc1a45\" data-element_type=\"container\" data-e-type=\"container\" data-settings=\"{&quot;background_background&quot;:&quot;classic&quot;}\">\n\t\t<div class=\"elementor-element elementor-element-02c6677 e-con-full e-flex e-con e-child\" data-id=\"02c6677\" data-element_type=\"container\" data-e-type=\"container\" data-settings=\"{&quot;background_background&quot;:&quot;classic&quot;}\">\n\t\t<div class=\"elementor-element elementor-element-954cf7d e-flex e-con-boxed e-con e-child\" data-id=\"954cf7d\" data-element_type=\"container\" data-e-type=\"container\">\n\t\t\t\t\t<div class=\"e-con-inner\">\n\t\t\t\t<div class=\"elementor-element elementor-element-c9734a6 elementor-widget elementor-widget-image\" data-id=\"c9734a6\" data-element_type=\"widget\" data-e-type=\"widget\" data-widget_type=\"image.default\">\n\t\t\t\t\t\t\t\t\t\t\t\t\t\t\t<img decoding=\"async\" width=\"800\" height=\"450\" src=\"https:\/\/expressexchange.cm\/wp-content\/uploads\/2025\/07\/WhatsApp-Image-2025-07-14-at-11.47.053-4.jpeg\" class=\"attachment-large size-large wp-image-2117\" alt=\"\" \/>\t\t\t\t\t\t\t\t\t\t\t\t\t\t\t<\/div>\n\t\t\t\t\t<\/div>\n\t\t\t\t<\/div>\n\t\t<div class=\"elementor-element elementor-element-3d9c7af e-con-full e-flex elementor-invisible e-con e-child\" data-id=\"3d9c7af\" data-element_type=\"container\" data-e-type=\"container\" data-settings=\"{&quot;animation&quot;:&quot;fadeInUp&quot;}\">\n\t\t<div class=\"elementor-element elementor-element-bce1bd1 e-con-full e-flex e-con e-child\" data-id=\"bce1bd1\" data-element_type=\"container\" data-e-type=\"container\" data-settings=\"{&quot;background_background&quot;:&quot;classic&quot;}\">\n\t\t\t\t<div class=\"elementor-element elementor-element-fc601e6 elementor-widget elementor-widget-elementskit-heading\" data-id=\"fc601e6\" data-element_type=\"widget\" data-e-type=\"widget\" data-widget_type=\"elementskit-heading.default\">\n\t\t\t\t\t<div class=\"ekit-wid-con\" ><div class=\"ekit-heading elementskit-section-title-wraper text_left   ekit_heading_tablet-   ekit_heading_mobile-\"><h2 class=\"ekit-heading--title elementskit-section-title\">Currency exchange<\/h2>\t\t\t\t<div class='ekit-heading__description'>\n\t\t\t\t\t<p><span class=\"relative -mx-px my-[-0.2rem] rounded px-px py-[0.2rem] transition-colors duration-100 ease-in-out\"><strong>The rates applied are not published online<\/strong> and may vary depending on the day and the agency. They are not standardized and may be <strong>negotiated for large amounts.\u00a0<\/strong>To change your currency, take into account:<\/span><\/p>\n<p><span class=\"relative -mx-px my-[-0.2rem] rounded px-px py-[0.2rem] transition-colors duration-100 ease-in-out\">Compare the rates displayed at several agencies.<\/span><\/p>\n<p><span class=\"relative -mx-px my-[-0.2rem] rounded px-px py-[0.2rem] transition-colors duration-100 ease-in-out\">Prefer approved offices (like <strong><span style=\"color: #ff0000\">Express Exchange S.A.<\/span><\/strong>) for security and compliance.<\/span><\/p>\n<p><span class=\"relative -mx-px my-[-0.2rem] rounded px-px py-[0.2rem] transition-colors duration-100 ease-in-out\">For large amounts, negotiate directly on site.<\/span><\/p>\n\t\t\t\t<\/div>\n\t\t\t<\/div><\/div>\t\t\t\t<\/div>\n\t\t\t\t<\/div>\n\t\t\t\t<\/div>\n\t\t\t\t<\/div>\n\t\t\t\t<\/div>\n\t\t\t\t<\/div>\n\t\t\n    <div class=\"xs_social_share_widget xs_share_url after_content \t\tmain_content  wslu-style-1 wslu-share-box-shaped wslu-fill-colored wslu-none wslu-share-horizontal wslu-theme-font-no wslu-main_content\">\n\n\t\t\n        <ul>\n\t\t\t        <\/ul>\n    <\/div>","protected":false},"excerpt":{"rendered":"<p>Explorer Express Exchange Acceuil Nos services Transfert d&rsquo;argent\/paiement de facture\/change de devise Nos services, votre tranquillit\u00e9 d&rsquo;esprit. Chez Express Exchange, nous mettons la rapidit\u00e9, la fiabilit\u00e9 et la s\u00e9curit\u00e9 au c\u0153ur de tout ce que nous faisons. Que ce soit pour vos transferts d&rsquo;argent, vos op\u00e9rations de change ou vos besoins financiers quotidiens, nous vous [&hellip;]<\/p>","protected":false},"author":1,"featured_media":0,"parent":0,"menu_order":0,"comment_status":"closed","ping_status":"closed","template":"","meta":{"postBodyCss":"","postBodyMargin":[],"postBodyPadding":[],"postBodyBackground":{"backgroundType":"classic","gradient":""},"footnotes":""},"class_list":["post-505","page","type-page","status-publish","hentry"],"yoast_head":"<!-- This site is optimized with the Yoast SEO plugin v25.9 - https:\/\/yoast.com\/wordpress\/plugins\/seo\/ -->\n<title>Transfert d&#039;argent - Num&eacute;ro 1 En Qualit&eacute; De Service<\/title>\n<meta name=\"robots\" content=\"index, follow, max-snippet:-1, max-image-preview:large, max-video-preview:-1\" \/>\n<link rel=\"canonical\" href=\"https:\/\/www.expressexchange.cm\/transfert-dargent\/\" \/>\n<meta property=\"og:locale\" content=\"en_US\" \/>\n<meta property=\"og:type\" content=\"article\" \/>\n<meta property=\"og:title\" content=\"Transfert d&#039;argent - Num&eacute;ro 1 En Qualit&eacute; De Service\" \/>\n<meta property=\"og:description\" content=\"Explorer Express Exchange Acceuil Nos services Transfert d&rsquo;argent\/paiement de facture\/change de devise Nos services, votre tranquillit\u00e9 d&rsquo;esprit. Chez Express Exchange, nous mettons la rapidit\u00e9, la fiabilit\u00e9 et la s\u00e9curit\u00e9 au c\u0153ur de tout ce que nous faisons. Que ce soit pour vos transferts d&rsquo;argent, vos op\u00e9rations de change ou vos besoins financiers quotidiens, nous vous [&hellip;]\" \/>\n<meta property=\"og:url\" content=\"https:\/\/www.expressexchange.cm\/transfert-dargent\/\" \/>\n<meta property=\"og:site_name\" content=\"expressexchange\" \/>\n<meta property=\"article:publisher\" content=\"https:\/\/www.facebook.com\/share\/16tEs1BMXb\/\" \/>\n<meta property=\"article:modified_time\" content=\"2025-08-17T21:35:18+00:00\" \/>\n<meta property=\"og:image\" content=\"https:\/\/expressexchange.cm\/wp-content\/uploads\/2025\/08\/sur-ordi.jpg\" \/>\n\t<meta property=\"og:image:width\" content=\"6000\" \/>\n\t<meta property=\"og:image:height\" content=\"4000\" \/>\n\t<meta property=\"og:image:type\" content=\"image\/jpeg\" \/>\n<meta name=\"twitter:card\" content=\"summary_large_image\" \/>\n<meta name=\"twitter:label1\" content=\"Est. reading time\" \/>\n\t<meta name=\"twitter:data1\" content=\"2 minutes\" \/>\n<script type=\"application\/ld+json\" class=\"yoast-schema-graph\">{\"@context\":\"https:\/\/schema.org\",\"@graph\":[{\"@type\":\"WebPage\",\"@id\":\"https:\/\/www.expressexchange.cm\/transfert-dargent\/\",\"url\":\"https:\/\/www.expressexchange.cm\/transfert-dargent\/\",\"name\":\"Transfert d'argent - Num&eacute;ro 1 En Qualit&eacute; De Service\",\"isPartOf\":{\"@id\":\"https:\/\/www.expressexchange.cm\/#website\"},\"primaryImageOfPage\":{\"@id\":\"https:\/\/www.expressexchange.cm\/transfert-dargent\/#primaryimage\"},\"image\":{\"@id\":\"https:\/\/www.expressexchange.cm\/transfert-dargent\/#primaryimage\"},\"thumbnailUrl\":\"https:\/\/www.expressexchange.cm\/wp-content\/uploads\/2025\/08\/sur-ordi.jpg\",\"datePublished\":\"2025-07-17T11:27:37+00:00\",\"dateModified\":\"2025-08-17T21:35:18+00:00\",\"breadcrumb\":{\"@id\":\"https:\/\/www.expressexchange.cm\/transfert-dargent\/#breadcrumb\"},\"inLanguage\":\"en-US\",\"potentialAction\":[{\"@type\":\"ReadAction\",\"target\":[\"https:\/\/www.expressexchange.cm\/transfert-dargent\/\"]}]},{\"@type\":\"ImageObject\",\"inLanguage\":\"en-US\",\"@id\":\"https:\/\/www.expressexchange.cm\/transfert-dargent\/#primaryimage\",\"url\":\"https:\/\/www.expressexchange.cm\/wp-content\/uploads\/2025\/08\/sur-ordi.jpg\",\"contentUrl\":\"https:\/\/www.expressexchange.cm\/wp-content\/uploads\/2025\/08\/sur-ordi.jpg\"},{\"@type\":\"BreadcrumbList\",\"@id\":\"https:\/\/www.expressexchange.cm\/transfert-dargent\/#breadcrumb\",\"itemListElement\":[{\"@type\":\"ListItem\",\"position\":1,\"name\":\"Home\",\"item\":\"https:\/\/expressexchange.cm\/\"},{\"@type\":\"ListItem\",\"position\":2,\"name\":\"Transfert d&#8217;argent\"}]},{\"@type\":\"WebSite\",\"@id\":\"https:\/\/www.expressexchange.cm\/#website\",\"url\":\"https:\/\/www.expressexchange.cm\/\",\"name\":\"Express Exchange S.A\",\"description\":\"Num&eacute;ro 1 En Qualit&eacute; De Service\",\"publisher\":{\"@id\":\"https:\/\/www.expressexchange.cm\/#organization\"},\"potentialAction\":[{\"@type\":\"SearchAction\",\"target\":{\"@type\":\"EntryPoint\",\"urlTemplate\":\"https:\/\/www.expressexchange.cm\/?s={search_term_string}\"},\"query-input\":{\"@type\":\"PropertyValueSpecification\",\"valueRequired\":true,\"valueName\":\"search_term_string\"}}],\"inLanguage\":\"en-US\"},{\"@type\":\"Organization\",\"@id\":\"https:\/\/www.expressexchange.cm\/#organization\",\"name\":\"Express Exchange S.A\",\"url\":\"https:\/\/www.expressexchange.cm\/\",\"logo\":{\"@type\":\"ImageObject\",\"inLanguage\":\"en-US\",\"@id\":\"https:\/\/www.expressexchange.cm\/#\/schema\/logo\/image\/\",\"url\":\"https:\/\/www.expressexchange.cm\/wp-content\/uploads\/2025\/07\/LOGO-EX-EX-01-4.png\",\"contentUrl\":\"https:\/\/www.expressexchange.cm\/wp-content\/uploads\/2025\/07\/LOGO-EX-EX-01-4.png\",\"width\":591,\"height\":119,\"caption\":\"Express Exchange S.A\"},\"image\":{\"@id\":\"https:\/\/www.expressexchange.cm\/#\/schema\/logo\/image\/\"},\"sameAs\":[\"https:\/\/www.facebook.com\/share\/16tEs1BMXb\/\"]}]}<\/script>\n<!-- \/ Yoast SEO plugin. -->","yoast_head_json":{"title":"Transfert d'argent - Num&eacute;ro 1 En Qualit&eacute; De Service","robots":{"index":"index","follow":"follow","max-snippet":"max-snippet:-1","max-image-preview":"max-image-preview:large","max-video-preview":"max-video-preview:-1"},"canonical":"https:\/\/www.expressexchange.cm\/transfert-dargent\/","og_locale":"en_US","og_type":"article","og_title":"Transfert d'argent - Num&eacute;ro 1 En Qualit&eacute; De Service","og_description":"Explorer Express Exchange Acceuil Nos services Transfert d&rsquo;argent\/paiement de facture\/change de devise Nos services, votre tranquillit\u00e9 d&rsquo;esprit. Chez Express Exchange, nous mettons la rapidit\u00e9, la fiabilit\u00e9 et la s\u00e9curit\u00e9 au c\u0153ur de tout ce que nous faisons. Que ce soit pour vos transferts d&rsquo;argent, vos op\u00e9rations de change ou vos besoins financiers quotidiens, nous vous [&hellip;]","og_url":"https:\/\/www.expressexchange.cm\/transfert-dargent\/","og_site_name":"expressexchange","article_publisher":"https:\/\/www.facebook.com\/share\/16tEs1BMXb\/","article_modified_time":"2025-08-17T21:35:18+00:00","og_image":[{"width":6000,"height":4000,"url":"https:\/\/expressexchange.cm\/wp-content\/uploads\/2025\/08\/sur-ordi.jpg","type":"image\/jpeg"}],"twitter_card":"summary_large_image","twitter_misc":{"Est. reading time":"2 minutes"},"schema":{"@context":"https:\/\/schema.org","@graph":[{"@type":"WebPage","@id":"https:\/\/www.expressexchange.cm\/transfert-dargent\/","url":"https:\/\/www.expressexchange.cm\/transfert-dargent\/","name":"Transfert d'argent - Num&eacute;ro 1 En Qualit&eacute; De Service","isPartOf":{"@id":"https:\/\/www.expressexchange.cm\/#website"},"primaryImageOfPage":{"@id":"https:\/\/www.expressexchange.cm\/transfert-dargent\/#primaryimage"},"image":{"@id":"https:\/\/www.expressexchange.cm\/transfert-dargent\/#primaryimage"},"thumbnailUrl":"https:\/\/www.expressexchange.cm\/wp-content\/uploads\/2025\/08\/sur-ordi.jpg","datePublished":"2025-07-17T11:27:37+00:00","dateModified":"2025-08-17T21:35:18+00:00","breadcrumb":{"@id":"https:\/\/www.expressexchange.cm\/transfert-dargent\/#breadcrumb"},"inLanguage":"en-US","potentialAction":[{"@type":"ReadAction","target":["https:\/\/www.expressexchange.cm\/transfert-dargent\/"]}]},{"@type":"ImageObject","inLanguage":"en-US","@id":"https:\/\/www.expressexchange.cm\/transfert-dargent\/#primaryimage","url":"https:\/\/www.expressexchange.cm\/wp-content\/uploads\/2025\/08\/sur-ordi.jpg","contentUrl":"https:\/\/www.expressexchange.cm\/wp-content\/uploads\/2025\/08\/sur-ordi.jpg"},{"@type":"BreadcrumbList","@id":"https:\/\/www.expressexchange.cm\/transfert-dargent\/#breadcrumb","itemListElement":[{"@type":"ListItem","position":1,"name":"Home","item":"https:\/\/expressexchange.cm\/"},{"@type":"ListItem","position":2,"name":"Transfert d&#8217;argent"}]},{"@type":"WebSite","@id":"https:\/\/www.expressexchange.cm\/#website","url":"https:\/\/www.expressexchange.cm\/","name":"Express Exchange S.A","description":"Num&eacute;ro 1 En Qualit&eacute; De Service","publisher":{"@id":"https:\/\/www.expressexchange.cm\/#organization"},"potentialAction":[{"@type":"SearchAction","target":{"@type":"EntryPoint","urlTemplate":"https:\/\/www.expressexchange.cm\/?s={search_term_string}"},"query-input":{"@type":"PropertyValueSpecification","valueRequired":true,"valueName":"search_term_string"}}],"inLanguage":"en-US"},{"@type":"Organization","@id":"https:\/\/www.expressexchange.cm\/#organization","name":"Express Exchange S.A","url":"https:\/\/www.expressexchange.cm\/","logo":{"@type":"ImageObject","inLanguage":"en-US","@id":"https:\/\/www.expressexchange.cm\/#\/schema\/logo\/image\/","url":"https:\/\/www.expressexchange.cm\/wp-content\/uploads\/2025\/07\/LOGO-EX-EX-01-4.png","contentUrl":"https:\/\/www.expressexchange.cm\/wp-content\/uploads\/2025\/07\/LOGO-EX-EX-01-4.png","width":591,"height":119,"caption":"Express Exchange S.A"},"image":{"@id":"https:\/\/www.expressexchange.cm\/#\/schema\/logo\/image\/"},"sameAs":["https:\/\/www.facebook.com\/share\/16tEs1BMXb\/"]}]}},"_links":{"self":[{"href":"https:\/\/expressexchange.cm\/en\/wp-json\/wp\/v2\/pages\/505","targetHints":{"allow":["GET"]}}],"collection":[{"href":"https:\/\/expressexchange.cm\/en\/wp-json\/wp\/v2\/pages"}],"about":[{"href":"https:\/\/expressexchange.cm\/en\/wp-json\/wp\/v2\/types\/page"}],"author":[{"embeddable":true,"href":"https:\/\/expressexchange.cm\/en\/wp-json\/wp\/v2\/users\/1"}],"replies":[{"embeddable":true,"href":"https:\/\/expressexchange.cm\/en\/wp-json\/wp\/v2\/comments?post=505"}],"version-history":[{"count":0,"href":"https:\/\/expressexchange.cm\/en\/wp-json\/wp\/v2\/pages\/505\/revisions"}],"wp:attachment":[{"href":"https:\/\/expressexchange.cm\/en\/wp-json\/wp\/v2\/media?parent=505"}],"curies":[{"name":"wp","href":"https:\/\/api.w.org\/{rel}","templated":true}]}}