{"id":606,"date":"2025-07-19T10:34:40","date_gmt":"2025-07-19T09:34:40","guid":{"rendered":"http:\/\/localhost\/expressexchange\/?page_id=606"},"modified":"2025-08-17T21:45:03","modified_gmt":"2025-08-17T20:45:03","slug":"national","status":"publish","type":"page","link":"https:\/\/expressexchange.cm\/en\/national\/","title":{"rendered":"National"},"content":{"rendered":"<div data-elementor-type=\"wp-page\" data-elementor-id=\"606\" class=\"elementor elementor-606\">\n\t\t\t\t<div class=\"elementor-element elementor-element-8dbfda4 e-con-full e-flex elementor-invisible e-con e-parent\" data-id=\"8dbfda4\" data-element_type=\"container\" data-e-type=\"container\" data-settings=\"{&quot;background_background&quot;:&quot;classic&quot;,&quot;animation&quot;:&quot;fadeInDown&quot;,&quot;animation_tablet&quot;:&quot;none&quot;}\">\n\t\t\t\t<div class=\"elementor-element elementor-element-c6f3525 elementor-widget elementor-widget-heading\" data-id=\"c6f3525\" data-element_type=\"widget\" data-e-type=\"widget\" data-widget_type=\"heading.default\">\n\t\t\t\t\t<h2 class=\"elementor-heading-title elementor-size-default\">National Rate<\/h2>\t\t\t\t<\/div>\n\t\t<div class=\"elementor-element elementor-element-3b5eb10 e-con-full e-flex e-con e-child\" data-id=\"3b5eb10\" data-element_type=\"container\" data-e-type=\"container\">\n\t\t\t\t<div class=\"elementor-element elementor-element-3d9aef6 elementor-widget elementor-widget-elementskit-heading\" data-id=\"3d9aef6\" data-element_type=\"widget\" data-e-type=\"widget\" data-widget_type=\"elementskit-heading.default\">\n\t\t\t\t\t<div class=\"ekit-wid-con\" ><div class=\"ekit-heading elementskit-section-title-wraper text_left   ekit_heading_tablet-   ekit_heading_mobile-\"><a href=\"https:\/\/expressexchange.cm\/en\/\"><h2 class=\"ekit-heading--title elementskit-section-title\">Home<\/h2><\/a><\/div><\/div>\t\t\t\t<\/div>\n\t\t\t\t<div class=\"elementor-element elementor-element-7444ff7 elementor-view-default elementor-widget elementor-widget-icon\" data-id=\"7444ff7\" data-element_type=\"widget\" data-e-type=\"widget\" data-widget_type=\"icon.default\">\n\t\t\t\t\t\t\t<div class=\"elementor-icon-wrapper\">\n\t\t\t<div class=\"elementor-icon\">\n\t\t\t<svg aria-hidden=\"true\" class=\"e-font-icon-svg e-fas-chevron-right\" viewbox=\"0 0 320 512\" xmlns=\"http:\/\/www.w3.org\/2000\/svg\"><path d=\"M285.476 272.971L91.132 467.314c-9.373 9.373-24.569 9.373-33.941 0l-22.667-22.667c-9.357-9.357-9.375-24.522-.04-33.901L188.505 256 34.484 101.255c-9.335-9.379-9.317-24.544.04-33.901l22.667-22.667c9.373-9.373 24.569-9.373 33.941 0L285.475 239.03c9.373 9.372 9.373 24.568.001 33.941z\"><\/path><\/svg>\t\t\t<\/div>\n\t\t<\/div>\n\t\t\t\t\t\t<\/div>\n\t\t\t\t<div class=\"elementor-element elementor-element-8b801b2 elementor-widget elementor-widget-elementskit-heading\" data-id=\"8b801b2\" data-element_type=\"widget\" data-e-type=\"widget\" data-widget_type=\"elementskit-heading.default\">\n\t\t\t\t\t<div class=\"ekit-wid-con\" ><div class=\"ekit-heading elementskit-section-title-wraper text_left   ekit_heading_tablet-   ekit_heading_mobile-\"><a href=\"#\"><h2 class=\"ekit-heading--title elementskit-section-title\">Our Prices<\/h2><\/a><\/div><\/div>\t\t\t\t<\/div>\n\t\t\t\t<div class=\"elementor-element elementor-element-815e1a5 elementor-view-default elementor-widget elementor-widget-icon\" data-id=\"815e1a5\" data-element_type=\"widget\" data-e-type=\"widget\" data-widget_type=\"icon.default\">\n\t\t\t\t\t\t\t<div class=\"elementor-icon-wrapper\">\n\t\t\t<div class=\"elementor-icon\">\n\t\t\t<svg aria-hidden=\"true\" class=\"e-font-icon-svg e-fas-chevron-right\" viewbox=\"0 0 320 512\" xmlns=\"http:\/\/www.w3.org\/2000\/svg\"><path d=\"M285.476 272.971L91.132 467.314c-9.373 9.373-24.569 9.373-33.941 0l-22.667-22.667c-9.357-9.357-9.375-24.522-.04-33.901L188.505 256 34.484 101.255c-9.335-9.379-9.317-24.544.04-33.901l22.667-22.667c9.373-9.373 24.569-9.373 33.941 0L285.475 239.03c9.373 9.372 9.373 24.568.001 33.941z\"><\/path><\/svg>\t\t\t<\/div>\n\t\t<\/div>\n\t\t\t\t\t\t<\/div>\n\t\t\t\t<div class=\"elementor-element elementor-element-9549201 elementor-widget elementor-widget-elementskit-heading\" data-id=\"9549201\" data-element_type=\"widget\" data-e-type=\"widget\" data-widget_type=\"elementskit-heading.default\">\n\t\t\t\t\t<div class=\"ekit-wid-con\" ><div class=\"ekit-heading elementskit-section-title-wraper text_left   ekit_heading_tablet-   ekit_heading_mobile-\"><a href=\"https:\/\/expressexchange.cm\/en\/national\/\"><h2 class=\"ekit-heading--title elementskit-section-title\">National Rate<\/h2><\/a><\/div><\/div>\t\t\t\t<\/div>\n\t\t\t\t<\/div>\n\t\t\t\t<\/div>\n\t\t<div class=\"elementor-element elementor-element-2dde0e0 e-con-full e-flex e-con e-parent\" data-id=\"2dde0e0\" data-element_type=\"container\" data-e-type=\"container\" data-settings=\"{&quot;background_background&quot;:&quot;classic&quot;}\">\n\t\t\t\t<div class=\"elementor-element elementor-element-d2ebeb2 elementor-widget elementor-widget-heading\" data-id=\"d2ebeb2\" data-element_type=\"widget\" data-e-type=\"widget\" data-widget_type=\"heading.default\">\n\t\t\t\t\t<h2 class=\"elementor-heading-title elementor-size-default\">National Rate<\/h2>\t\t\t\t<\/div>\n\t\t\t\t<\/div>\n\t\t<div class=\"elementor-element elementor-element-d884c6f e-con-full e-flex e-con e-parent\" data-id=\"d884c6f\" data-element_type=\"container\" data-e-type=\"container\">\n\t\t\t\t<div class=\"elementor-element elementor-element-58d9fd0 elementor-widget elementor-widget-text-editor\" data-id=\"58d9fd0\" data-element_type=\"widget\" data-e-type=\"widget\" data-widget_type=\"text-editor.default\">\n\t\t\t\t\t\t\t\t\t<p id=\"tw-target-text\" class=\"tw-data-text tw-text-large tw-ta\" dir=\"ltr\" data-placeholder=\"Traduction\" data-ved=\"2ahUKEwj599Oqht-OAxXWU0EAHfntJ-MQ3ewLegQICRAU\" aria-label=\"Texte traduit\u00a0: Les frais de transfert Express Exchange respectent un syst\u00e8me de tranches forfaitaires, ind\u00e9pendantes du type de destination. Le retrait est g\u00e9n\u00e9ralement sans frais. Les services comme la cr\u00e9ation de compte ou les transferts entre abonn\u00e9s Express Exchange sont \u00e9galement gratuits. Transfert d'argent les frais variant de 100 \u00e0 17000FCFA selon tranche de montant, plus n\u00e9gociation au-del\u00e0 de 10000000FCFA,\u00a0Paiement de factures les frais sp\u00e9cifiques selon montant de la facture. Nous vous proposons des tarifs nationaux et internationaux.\"><span class=\"Y2IQFc\" lang=\"fr\">Transfer fees <span style=\"color: #ff0000;\"><strong>Express Exchange S.A.<\/strong><\/span> comply with a system of fixed brackets, independent of the type of destination. <\/span><\/p>\t\t\t\t\t\t\t\t<\/div>\n\t\t\t\t<\/div>\n\t\t<div class=\"elementor-element elementor-element-78132c7 e-flex e-con-boxed e-con e-parent\" data-id=\"78132c7\" data-element_type=\"container\" data-e-type=\"container\">\n\t\t\t\t\t<div class=\"e-con-inner\">\n\t\t<div class=\"elementor-element elementor-element-175e4e9 e-con-full e-flex e-con e-child\" data-id=\"175e4e9\" data-element_type=\"container\" data-e-type=\"container\">\n\t\t\t\t<div class=\"elementor-element elementor-element-d89c15a elementor-widget elementor-widget-text-editor\" data-id=\"d89c15a\" data-element_type=\"widget\" data-e-type=\"widget\" data-widget_type=\"text-editor.default\">\n\t\t\t\t\t\t\t\t\t<p>Avec le tarif national <span style=\"color: #ff0000;\"><strong>Express Exchange S.A<\/strong><\/span>, your shipments benefit from an express service combining speed, reliability and professionalism. Whether you are an individual or a business, ship anywhere in Cameroon with confidence, real-time tracking and dedicated customer service. Offer your parcels priority processing, at the right price, with the quality of a high-performance national network. Here is the National pricing:\u00a0<\/p>\t\t\t\t\t\t\t\t<\/div>\n\t\t\t\t<\/div>\n\t\t<div class=\"elementor-element elementor-element-f028f30 e-con-full e-flex e-con e-child\" data-id=\"f028f30\" data-element_type=\"container\" data-e-type=\"container\">\n\t\t\t\t<div class=\"elementor-element elementor-element-2728083 elementor-widget elementor-widget-image\" data-id=\"2728083\" data-element_type=\"widget\" data-e-type=\"widget\" data-widget_type=\"image.default\">\n\t\t\t\t\t\t\t\t\t\t\t\t\t\t\t<img fetchpriority=\"high\" decoding=\"async\" width=\"788\" height=\"1024\" src=\"https:\/\/expressexchange.cm\/wp-content\/uploads\/2025\/08\/Fichier-32.png\" class=\"attachment-large size-large wp-image-3209\" alt=\"\" \/>\t\t\t\t\t\t\t\t\t\t\t\t\t\t\t<\/div>\n\t\t\t\t<\/div>\n\t\t\t\t\t<\/div>\n\t\t\t\t<\/div>\n\t\t\t\t<\/div>\n\t\t\n    <div class=\"xs_social_share_widget xs_share_url after_content \t\tmain_content  wslu-style-1 wslu-share-box-shaped wslu-fill-colored wslu-none wslu-share-horizontal wslu-theme-font-no wslu-main_content\">\n\n\t\t\n        <ul>\n\t\t\t        <\/ul>\n    <\/div>","protected":false},"excerpt":{"rendered":"<p>Tarif National Acceuil Nos Tarifs Tarif National Tarif National Les frais de transfert Express Exchange S.A. respectent un syst\u00e8me de tranches forfaitaires, ind\u00e9pendantes du type de destination. Avec le tarif national Express Exchange S.A, vos envois b\u00e9n\u00e9ficient d\u2019un service express alliant rapidit\u00e9, fiabilit\u00e9 et professionnalisme. Que vous soyez particulier ou entreprise, exp\u00e9diez partout au Cameroun [&hellip;]<\/p>","protected":false},"author":1,"featured_media":0,"parent":0,"menu_order":0,"comment_status":"closed","ping_status":"closed","template":"","meta":{"postBodyCss":"","postBodyMargin":[],"postBodyPadding":[],"postBodyBackground":{"backgroundType":"classic","gradient":""},"footnotes":""},"class_list":["post-606","page","type-page","status-publish","hentry"],"yoast_head":"<!-- This site is optimized with the Yoast SEO plugin v25.9 - https:\/\/yoast.com\/wordpress\/plugins\/seo\/ -->\n<title>National - Num&eacute;ro 1 En Qualit&eacute; De Service<\/title>\n<meta name=\"robots\" content=\"index, follow, max-snippet:-1, max-image-preview:large, max-video-preview:-1\" \/>\n<link rel=\"canonical\" href=\"https:\/\/www.expressexchange.cm\/national\/\" \/>\n<meta property=\"og:locale\" content=\"en_US\" \/>\n<meta property=\"og:type\" content=\"article\" \/>\n<meta property=\"og:title\" content=\"National - Num&eacute;ro 1 En Qualit&eacute; De Service\" \/>\n<meta property=\"og:description\" content=\"Tarif National Acceuil Nos Tarifs Tarif National Tarif National Les frais de transfert Express Exchange S.A. respectent un syst\u00e8me de tranches forfaitaires, ind\u00e9pendantes du type de destination. Avec le tarif national Express Exchange S.A, vos envois b\u00e9n\u00e9ficient d\u2019un service express alliant rapidit\u00e9, fiabilit\u00e9 et professionnalisme. Que vous soyez particulier ou entreprise, exp\u00e9diez partout au Cameroun [&hellip;]\" \/>\n<meta property=\"og:url\" content=\"https:\/\/www.expressexchange.cm\/national\/\" \/>\n<meta property=\"og:site_name\" content=\"expressexchange\" \/>\n<meta property=\"article:publisher\" content=\"https:\/\/www.facebook.com\/share\/16tEs1BMXb\/\" \/>\n<meta property=\"article:modified_time\" content=\"2025-08-17T20:45:03+00:00\" \/>\n<meta property=\"og:image\" content=\"https:\/\/expressexchange.cm\/wp-content\/uploads\/2025\/08\/Fichier-32.png\" \/>\n\t<meta property=\"og:image:width\" content=\"1766\" \/>\n\t<meta property=\"og:image:height\" content=\"2295\" \/>\n\t<meta property=\"og:image:type\" content=\"image\/png\" \/>\n<meta name=\"twitter:card\" content=\"summary_large_image\" \/>\n<meta name=\"twitter:label1\" content=\"Est. reading time\" \/>\n\t<meta name=\"twitter:data1\" content=\"1 minute\" \/>\n<script type=\"application\/ld+json\" class=\"yoast-schema-graph\">{\"@context\":\"https:\/\/schema.org\",\"@graph\":[{\"@type\":\"WebPage\",\"@id\":\"https:\/\/www.expressexchange.cm\/national\/\",\"url\":\"https:\/\/www.expressexchange.cm\/national\/\",\"name\":\"National - Num&eacute;ro 1 En Qualit&eacute; De Service\",\"isPartOf\":{\"@id\":\"https:\/\/www.expressexchange.cm\/#website\"},\"primaryImageOfPage\":{\"@id\":\"https:\/\/www.expressexchange.cm\/national\/#primaryimage\"},\"image\":{\"@id\":\"https:\/\/www.expressexchange.cm\/national\/#primaryimage\"},\"thumbnailUrl\":\"https:\/\/www.expressexchange.cm\/wp-content\/uploads\/2025\/08\/Fichier-32.png\",\"datePublished\":\"2025-07-19T09:34:40+00:00\",\"dateModified\":\"2025-08-17T20:45:03+00:00\",\"breadcrumb\":{\"@id\":\"https:\/\/www.expressexchange.cm\/national\/#breadcrumb\"},\"inLanguage\":\"en-US\",\"potentialAction\":[{\"@type\":\"ReadAction\",\"target\":[\"https:\/\/www.expressexchange.cm\/national\/\"]}]},{\"@type\":\"ImageObject\",\"inLanguage\":\"en-US\",\"@id\":\"https:\/\/www.expressexchange.cm\/national\/#primaryimage\",\"url\":\"https:\/\/www.expressexchange.cm\/wp-content\/uploads\/2025\/08\/Fichier-32.png\",\"contentUrl\":\"https:\/\/www.expressexchange.cm\/wp-content\/uploads\/2025\/08\/Fichier-32.png\"},{\"@type\":\"BreadcrumbList\",\"@id\":\"https:\/\/www.expressexchange.cm\/national\/#breadcrumb\",\"itemListElement\":[{\"@type\":\"ListItem\",\"position\":1,\"name\":\"Home\",\"item\":\"https:\/\/expressexchange.cm\/\"},{\"@type\":\"ListItem\",\"position\":2,\"name\":\"National\"}]},{\"@type\":\"WebSite\",\"@id\":\"https:\/\/www.expressexchange.cm\/#website\",\"url\":\"https:\/\/www.expressexchange.cm\/\",\"name\":\"Express Exchange S.A\",\"description\":\"Num&eacute;ro 1 En Qualit&eacute; De Service\",\"publisher\":{\"@id\":\"https:\/\/www.expressexchange.cm\/#organization\"},\"potentialAction\":[{\"@type\":\"SearchAction\",\"target\":{\"@type\":\"EntryPoint\",\"urlTemplate\":\"https:\/\/www.expressexchange.cm\/?s={search_term_string}\"},\"query-input\":{\"@type\":\"PropertyValueSpecification\",\"valueRequired\":true,\"valueName\":\"search_term_string\"}}],\"inLanguage\":\"en-US\"},{\"@type\":\"Organization\",\"@id\":\"https:\/\/www.expressexchange.cm\/#organization\",\"name\":\"Express Exchange S.A\",\"url\":\"https:\/\/www.expressexchange.cm\/\",\"logo\":{\"@type\":\"ImageObject\",\"inLanguage\":\"en-US\",\"@id\":\"https:\/\/www.expressexchange.cm\/#\/schema\/logo\/image\/\",\"url\":\"https:\/\/www.expressexchange.cm\/wp-content\/uploads\/2025\/07\/LOGO-EX-EX-01-4.png\",\"contentUrl\":\"https:\/\/www.expressexchange.cm\/wp-content\/uploads\/2025\/07\/LOGO-EX-EX-01-4.png\",\"width\":591,\"height\":119,\"caption\":\"Express Exchange S.A\"},\"image\":{\"@id\":\"https:\/\/www.expressexchange.cm\/#\/schema\/logo\/image\/\"},\"sameAs\":[\"https:\/\/www.facebook.com\/share\/16tEs1BMXb\/\"]}]}<\/script>\n<!-- \/ Yoast SEO plugin. -->","yoast_head_json":{"title":"National - Num&eacute;ro 1 En Qualit&eacute; De Service","robots":{"index":"index","follow":"follow","max-snippet":"max-snippet:-1","max-image-preview":"max-image-preview:large","max-video-preview":"max-video-preview:-1"},"canonical":"https:\/\/www.expressexchange.cm\/national\/","og_locale":"en_US","og_type":"article","og_title":"National - Num&eacute;ro 1 En Qualit&eacute; De Service","og_description":"Tarif National Acceuil Nos Tarifs Tarif National Tarif National Les frais de transfert Express Exchange S.A. respectent un syst\u00e8me de tranches forfaitaires, ind\u00e9pendantes du type de destination. Avec le tarif national Express Exchange S.A, vos envois b\u00e9n\u00e9ficient d\u2019un service express alliant rapidit\u00e9, fiabilit\u00e9 et professionnalisme. Que vous soyez particulier ou entreprise, exp\u00e9diez partout au Cameroun [&hellip;]","og_url":"https:\/\/www.expressexchange.cm\/national\/","og_site_name":"expressexchange","article_publisher":"https:\/\/www.facebook.com\/share\/16tEs1BMXb\/","article_modified_time":"2025-08-17T20:45:03+00:00","og_image":[{"width":1766,"height":2295,"url":"https:\/\/expressexchange.cm\/wp-content\/uploads\/2025\/08\/Fichier-32.png","type":"image\/png"}],"twitter_card":"summary_large_image","twitter_misc":{"Est. reading time":"1 minute"},"schema":{"@context":"https:\/\/schema.org","@graph":[{"@type":"WebPage","@id":"https:\/\/www.expressexchange.cm\/national\/","url":"https:\/\/www.expressexchange.cm\/national\/","name":"National - Num&eacute;ro 1 En Qualit&eacute; De Service","isPartOf":{"@id":"https:\/\/www.expressexchange.cm\/#website"},"primaryImageOfPage":{"@id":"https:\/\/www.expressexchange.cm\/national\/#primaryimage"},"image":{"@id":"https:\/\/www.expressexchange.cm\/national\/#primaryimage"},"thumbnailUrl":"https:\/\/www.expressexchange.cm\/wp-content\/uploads\/2025\/08\/Fichier-32.png","datePublished":"2025-07-19T09:34:40+00:00","dateModified":"2025-08-17T20:45:03+00:00","breadcrumb":{"@id":"https:\/\/www.expressexchange.cm\/national\/#breadcrumb"},"inLanguage":"en-US","potentialAction":[{"@type":"ReadAction","target":["https:\/\/www.expressexchange.cm\/national\/"]}]},{"@type":"ImageObject","inLanguage":"en-US","@id":"https:\/\/www.expressexchange.cm\/national\/#primaryimage","url":"https:\/\/www.expressexchange.cm\/wp-content\/uploads\/2025\/08\/Fichier-32.png","contentUrl":"https:\/\/www.expressexchange.cm\/wp-content\/uploads\/2025\/08\/Fichier-32.png"},{"@type":"BreadcrumbList","@id":"https:\/\/www.expressexchange.cm\/national\/#breadcrumb","itemListElement":[{"@type":"ListItem","position":1,"name":"Home","item":"https:\/\/expressexchange.cm\/"},{"@type":"ListItem","position":2,"name":"National"}]},{"@type":"WebSite","@id":"https:\/\/www.expressexchange.cm\/#website","url":"https:\/\/www.expressexchange.cm\/","name":"Express Exchange S.A","description":"Num&eacute;ro 1 En Qualit&eacute; De Service","publisher":{"@id":"https:\/\/www.expressexchange.cm\/#organization"},"potentialAction":[{"@type":"SearchAction","target":{"@type":"EntryPoint","urlTemplate":"https:\/\/www.expressexchange.cm\/?s={search_term_string}"},"query-input":{"@type":"PropertyValueSpecification","valueRequired":true,"valueName":"search_term_string"}}],"inLanguage":"en-US"},{"@type":"Organization","@id":"https:\/\/www.expressexchange.cm\/#organization","name":"Express Exchange S.A","url":"https:\/\/www.expressexchange.cm\/","logo":{"@type":"ImageObject","inLanguage":"en-US","@id":"https:\/\/www.expressexchange.cm\/#\/schema\/logo\/image\/","url":"https:\/\/www.expressexchange.cm\/wp-content\/uploads\/2025\/07\/LOGO-EX-EX-01-4.png","contentUrl":"https:\/\/www.expressexchange.cm\/wp-content\/uploads\/2025\/07\/LOGO-EX-EX-01-4.png","width":591,"height":119,"caption":"Express Exchange S.A"},"image":{"@id":"https:\/\/www.expressexchange.cm\/#\/schema\/logo\/image\/"},"sameAs":["https:\/\/www.facebook.com\/share\/16tEs1BMXb\/"]}]}},"_links":{"self":[{"href":"https:\/\/expressexchange.cm\/en\/wp-json\/wp\/v2\/pages\/606","targetHints":{"allow":["GET"]}}],"collection":[{"href":"https:\/\/expressexchange.cm\/en\/wp-json\/wp\/v2\/pages"}],"about":[{"href":"https:\/\/expressexchange.cm\/en\/wp-json\/wp\/v2\/types\/page"}],"author":[{"embeddable":true,"href":"https:\/\/expressexchange.cm\/en\/wp-json\/wp\/v2\/users\/1"}],"replies":[{"embeddable":true,"href":"https:\/\/expressexchange.cm\/en\/wp-json\/wp\/v2\/comments?post=606"}],"version-history":[{"count":0,"href":"https:\/\/expressexchange.cm\/en\/wp-json\/wp\/v2\/pages\/606\/revisions"}],"wp:attachment":[{"href":"https:\/\/expressexchange.cm\/en\/wp-json\/wp\/v2\/media?parent=606"}],"curies":[{"name":"wp","href":"https:\/\/api.w.org\/{rel}","templated":true}]}}